{"id":2662,"date":"2021-01-09T18:24:22","date_gmt":"2021-01-09T23:24:22","guid":{"rendered":"http:\/\/colloques.uqac.ca\/ecoconseil\/?page_id=2662"},"modified":"2023-11-07T02:06:03","modified_gmt":"2023-11-07T07:06:03","slug":"theme-art-transition","status":"publish","type":"page","link":"https:\/\/colloques.uqac.ca\/ecoconseil\/theme-art-transition\/","title":{"rendered":"Cohorte 22 &#8211; Th\u00e8me Art et Transition"},"content":{"rendered":"<p><span style=\"font-weight: 400\">C\u2019est avec plaisir que nous vous invitons \u00e0 participer \u00e0 notre colloque sur la th\u00e9matique \u00ab <\/span><b>Comment l\u2019art \u00e9veille, \u00e9merveille ou confronte les consciences au sujet de la transition socio-\u00e9cologie ?<\/b><span style=\"font-weight: 400\"> \u00bb, qui se tiendra le vendredi 27 janvier 2023.<\/span><\/p>\n<p>Cet \u00e9v\u00e8nement s\u2019inscrit dans le programme de deuxi\u00e8me cycle en \u00e9co-conseil \u00e0 l\u2019UQAC. Nous sommes quatre \u00e9tudiants dans l\u2019organisation.<\/p>\n<p><span style=\"font-weight: 400\">\u00a0<\/span>Nous proposons une journ\u00e9e de colloque en deux temps.<\/p>\n<p><span style=\"font-weight: 400\">L&rsquo;avant-midi\u00a0est pr\u00e9vu comme une rencontre avec des intervenant.es, sous la forme d\u2019un panel, alors que 4 ou 5 intervenants.es et un.e pr\u00e9sentateur.ice discutent devant un public. L\u2019id\u00e9e ici est d\u2019\u00e9changer sur deux axes. Le \u00ab Quoi \u00bb : qu\u2019est-ce que l\u2019approche Art et Transition, ses sp\u00e9cificit\u00e9s et sa composition d\u2019un point de vue plus th\u00e9orique. Et, le \u00ab Comment \u00bb : Quelles pourraient \u00eatre ses applications, et y a-t-il des exemples autour desquels on pourrait discuter\u2009? <\/span><\/p>\n<p>En apr\u00e8s-midi, les ateliers permettront d\u2019\u00e9changer sur les contenus des conf\u00e9rences. Ce moment sera anim\u00e9 par le Grand Dialogue qui aura recours \u00e0 des outils collaboratifs mobilisant l\u2019intelligence collective.<\/p>\n<p><span style=\"font-weight: 400\">\u00a0<\/span><\/p>\n<p><i><span style=\"font-weight: 400\">\u00a0<\/span><\/i>Ces activit\u00e9s constituent une excellente opportunit\u00e9 de promouvoir la culture et l\u2019enseignement.<\/p>\n<p>Soyez des n\u00f4tres le 27 janvier 2023!<\/p>\n<p style=\"text-align: left\">\n","protected":false},"excerpt":{"rendered":"<p>C\u2019est avec plaisir que nous vous invitons \u00e0 participer \u00e0 notre colloque sur la th\u00e9matique \u00ab Comment l\u2019art \u00e9veille, \u00e9merveille ou confronte les consciences au sujet de la transition socio-\u00e9cologie ? \u00bb, qui se tiendra le vendredi 27 janvier 2023. Cet \u00e9v\u00e8nement s\u2019inscrit dans le programme de deuxi\u00e8me cycle en \u00e9co-conseil \u00e0 l\u2019UQAC. Nous sommes &hellip; <a href=\"https:\/\/colloques.uqac.ca\/ecoconseil\/theme-art-transition\/\" class=\"more-link\">Continuer la lecture de <span class=\"screen-reader-text\">Cohorte 22 &#8211; Th\u00e8me Art et Transition<\/span>  <span class=\"meta-nav\">&rarr;<\/span><\/a><\/p>\n","protected":false},"author":44,"featured_media":0,"parent":0,"menu_order":0,"comment_status":"open","ping_status":"closed","template":"","meta":{"footnotes":""},"_links":{"self":[{"href":"https:\/\/colloques.uqac.ca\/ecoconseil\/wp-json\/wp\/v2\/pages\/2662"}],"collection":[{"href":"https:\/\/colloques.uqac.ca\/ecoconseil\/wp-json\/wp\/v2\/pages"}],"about":[{"href":"https:\/\/colloques.uqac.ca\/ecoconseil\/wp-json\/wp\/v2\/types\/page"}],"author":[{"embeddable":true,"href":"https:\/\/colloques.uqac.ca\/ecoconseil\/wp-json\/wp\/v2\/users\/44"}],"replies":[{"embeddable":true,"href":"https:\/\/colloques.uqac.ca\/ecoconseil\/wp-json\/wp\/v2\/comments?post=2662"}],"version-history":[{"count":21,"href":"https:\/\/colloques.uqac.ca\/ecoconseil\/wp-json\/wp\/v2\/pages\/2662\/revisions"}],"predecessor-version":[{"id":3338,"href":"https:\/\/colloques.uqac.ca\/ecoconseil\/wp-json\/wp\/v2\/pages\/2662\/revisions\/3338"}],"wp:attachment":[{"href":"https:\/\/colloques.uqac.ca\/ecoconseil\/wp-json\/wp\/v2\/media?parent=2662"}],"curies":[{"name":"wp","href":"https:\/\/api.w.org\/{rel}","templated":true}]}}