{"id":1689,"date":"2016-01-06T23:17:39","date_gmt":"2016-01-07T04:17:39","guid":{"rendered":"http:\/\/colloques.uqac.ca\/ecoconseil\/?page_id=1689"},"modified":"2023-11-08T22:49:39","modified_gmt":"2023-11-09T03:49:39","slug":"qui-sommes-nous-2","status":"publish","type":"page","link":"https:\/\/colloques.uqac.ca\/ecoconseil\/qui-sommes-nous-2\/","title":{"rendered":"Cohorte 23 &#8211; Qui sommes-nous ?"},"content":{"rendered":"<p style=\"text-align: justify\">Cette ann\u00e9e, l\u2019\u00e9v\u00e8nement \u00e9co-conseil est organis\u00e9 par une cohorte de onze personnes motiv\u00e9es !\u00a0Comme vous le constaterez, nous sommes des \u00e9tudiants d\u2019horizons bien diff\u00e9rents, mais nous sommes tout de m\u00eame un beau noyau motiv\u00e9 par la transition sociale et \u00e9cologique. Notre \u00e9quipe est ravie de travailler \u00e0 vous faire vivre\u00a0une journ\u00e9e alliant urbanisme, sant\u00e9 et climat !<\/p>\n<p>Pour plus de d\u00e9tail sur le programme si vous \u00eates curieux :\u00a0<a href=\"https:\/\/www.uqac.ca\/programme\/3598\/\">DESS en \u00e9co-conseil<\/a><\/p>\n<p style=\"text-align: justify\"><a href=\"https:\/\/colloques.uqac.ca\/ecoconseil\/files\/2016\/01\/photoCohorte.jpg\"><img loading=\"lazy\" decoding=\"async\" class=\"alignnone size-full wp-image-3365\" src=\"https:\/\/colloques.uqac.ca\/ecoconseil\/files\/2016\/01\/photoCohorte.jpg\" alt=\"photoCohorte\" width=\"599\" height=\"400\" srcset=\"https:\/\/colloques.uqac.ca\/ecoconseil\/files\/2016\/01\/photoCohorte.jpg 599w, https:\/\/colloques.uqac.ca\/ecoconseil\/files\/2016\/01\/photoCohorte-300x200.jpg 300w\" sizes=\"(max-width: 599px) 100vw, 599px\" \/><\/a><\/p>\n<p>Voici chacun de nos profils respectifs.<br \/>\nAu plaisir de discuter avec vous!<\/p>\n<p>AMADOU KA<br \/>\nVous pouvez me contacter ici\u00a0:\u00a0<span style=\"color: #008000\">aka@etu.uqac.ca<\/span><\/p>\n<p>BRENDA\u00a0 ARLETH LOZANO\u00a0 SALVADOR<br \/>\nVous pouvez me contacter ici\u00a0: <span style=\"color: #008000\">balsalvado@etu.uqac.ca<\/span><\/p>\n<p>CL\u00c9O SCHWALM<br \/>\nVous pouvez me contacter ici\u00a0:\u00a0<span style=\"color: #008000\">cschwalm@etu.uqac.ca<\/span><\/p>\n<p>C\u00d4ME BOUZIN<br \/>\nVous pouvez me contacter ici\u00a0:\u00a0<span style=\"color: #008000\">cbouzin@etu.uqac.ca<\/span><\/p>\n<p>CRISTELLE LYONIE SAMIN GUIESSIE<br \/>\nVous pouvez me contacter ici\u00a0:\u00a0<span style=\"color: #008000\">clsguiessi@etu.uqac.ca<\/span><\/p>\n<p>JONATHAN C\u00d4T\u00c9-FORTIN<br \/>\nVous pouvez me contacter ici\u00a0:\u00a0<span style=\"color: #008000\">jcfortin2@etu.uqac.ca<\/span><\/p>\n<p>KATHERINE GINGRAS-LEDUC<br \/>\nVous pouvez me contacter ici\u00a0:\u00a0<span style=\"color: #008000\">kgleduc@etu.uqac.ca<\/span><\/p>\n<p>LO\u00cfC REGNIER<br \/>\nVous pouvez me contacter ici\u00a0: <span style=\"color: #008000\">lregnier1@etu.uqac.ca<\/span><\/p>\n<p>ST\u00c9PHANIE COLLARD<br \/>\nVous pouvez me contacter ici\u00a0:\u00a0<span style=\"color: #008000\">scollard3@etu.uqac.ca<\/span><\/p>\n<p>VALENTINE HAMELIN<br \/>\nVous pouvez me contacter ici\u00a0:\u00a0<span style=\"color: #008000\">vhamelin1@etu.uqac.ca<\/span><\/p>\n<p>YANICK DUFOUR<br \/>\nVous pouvez me contacter ici\u00a0:\u00a0<span style=\"color: #008000\">ydufour1@etu.uqac.ca<\/span><\/p>\n","protected":false},"excerpt":{"rendered":"<p>Cette ann\u00e9e, l\u2019\u00e9v\u00e8nement \u00e9co-conseil est organis\u00e9 par une cohorte de onze personnes motiv\u00e9es !\u00a0Comme vous le constaterez, nous sommes des \u00e9tudiants d\u2019horizons bien diff\u00e9rents, mais nous sommes tout de m\u00eame un beau noyau motiv\u00e9 par la transition sociale et \u00e9cologique. Notre \u00e9quipe est ravie de travailler \u00e0 vous faire vivre\u00a0une journ\u00e9e alliant urbanisme, sant\u00e9 et &hellip; <a href=\"https:\/\/colloques.uqac.ca\/ecoconseil\/qui-sommes-nous-2\/\" class=\"more-link\">Continuer la lecture de <span class=\"screen-reader-text\">Cohorte 23 &#8211; Qui sommes-nous ?<\/span>  <span class=\"meta-nav\">&rarr;<\/span><\/a><\/p>\n","protected":false},"author":35,"featured_media":0,"parent":0,"menu_order":1,"comment_status":"open","ping_status":"closed","template":"","meta":{"footnotes":""},"_links":{"self":[{"href":"https:\/\/colloques.uqac.ca\/ecoconseil\/wp-json\/wp\/v2\/pages\/1689"}],"collection":[{"href":"https:\/\/colloques.uqac.ca\/ecoconseil\/wp-json\/wp\/v2\/pages"}],"about":[{"href":"https:\/\/colloques.uqac.ca\/ecoconseil\/wp-json\/wp\/v2\/types\/page"}],"author":[{"embeddable":true,"href":"https:\/\/colloques.uqac.ca\/ecoconseil\/wp-json\/wp\/v2\/users\/35"}],"replies":[{"embeddable":true,"href":"https:\/\/colloques.uqac.ca\/ecoconseil\/wp-json\/wp\/v2\/comments?post=1689"}],"version-history":[{"count":38,"href":"https:\/\/colloques.uqac.ca\/ecoconseil\/wp-json\/wp\/v2\/pages\/1689\/revisions"}],"predecessor-version":[{"id":3366,"href":"https:\/\/colloques.uqac.ca\/ecoconseil\/wp-json\/wp\/v2\/pages\/1689\/revisions\/3366"}],"wp:attachment":[{"href":"https:\/\/colloques.uqac.ca\/ecoconseil\/wp-json\/wp\/v2\/media?parent=1689"}],"curies":[{"name":"wp","href":"https:\/\/api.w.org\/{rel}","templated":true}]}}