{"id":1293,"date":"2015-12-10T20:43:40","date_gmt":"2015-12-11T01:43:40","guid":{"rendered":"http:\/\/colloques.uqac.ca\/ecoconseil\/?page_id=1293"},"modified":"2023-11-07T02:06:20","modified_gmt":"2023-11-07T07:06:20","slug":"partenaires","status":"publish","type":"page","link":"https:\/\/colloques.uqac.ca\/ecoconseil\/partenaires\/","title":{"rendered":"Cohorte 22 &#8211; Partenaires"},"content":{"rendered":"<p style=\"text-align: justify\">Ils ont\u00a0accept\u00e9 d&rsquo;aider la cohorte en \u00e9co-conseil\u00a0\u00e0 la r\u00e9alisation de\u00a0 l\u2019\u00e9v\u00e9nement :<strong>\u00a0L&rsquo;art comme m\u00e9diateur de la transition sociale et \u00e9cologique.\u00a0<\/strong><\/p>\n<p style=\"text-align: center\"><span style=\"color: #ffffff\">Partenaire<\/span><\/p>\n<p style=\"text-align: center\"><a href=\"https:\/\/colloques.uqac.ca\/ecoconseil\/files\/2015\/12\/UQAC.png\"><img loading=\"lazy\" decoding=\"async\" class=\"alignnone  wp-image-2980\" src=\"https:\/\/colloques.uqac.ca\/ecoconseil\/files\/2015\/12\/UQAC-300x94.png\" alt=\"UQAC\" width=\"357\" height=\"112\" srcset=\"https:\/\/colloques.uqac.ca\/ecoconseil\/files\/2015\/12\/UQAC-300x94.png 300w, https:\/\/colloques.uqac.ca\/ecoconseil\/files\/2015\/12\/UQAC-1024x321.png 1024w, https:\/\/colloques.uqac.ca\/ecoconseil\/files\/2015\/12\/UQAC.png 1074w\" sizes=\"(max-width: 357px) 100vw, 357px\" \/><\/a><\/p>\n<p style=\"text-align: center\">\u00a0Merci \u00e0 l&rsquo;UQAC d&rsquo;\u00eatre l&rsquo;h\u00f4te de cet \u00e9v\u00e8nement.\u00a0 Et merci au d\u00e9partement des sciences fondamentales de nous soutenir financi\u00e8rement.<\/p>\n<p style=\"text-align: center\"><a href=\"https:\/\/colloques.uqac.ca\/ecoconseil\/files\/2015\/12\/APECQ_4.png\"><img loading=\"lazy\" decoding=\"async\" class=\"alignnone size-full wp-image-3250\" src=\"https:\/\/colloques.uqac.ca\/ecoconseil\/files\/2015\/12\/APECQ_4.png\" alt=\"APECQ_4\" width=\"853\" height=\"463\" srcset=\"https:\/\/colloques.uqac.ca\/ecoconseil\/files\/2015\/12\/APECQ_4.png 853w, https:\/\/colloques.uqac.ca\/ecoconseil\/files\/2015\/12\/APECQ_4-300x163.png 300w\" sizes=\"(max-width: 853px) 100vw, 853px\" \/><\/a><\/p>\n<p style=\"text-align: center\">Merci \u00e0 L&rsquo;APECQ pour leur soutien ! Tant financier que logistique.<\/p>\n<p style=\"text-align: center\"><a href=\"https:\/\/colloques.uqac.ca\/ecoconseil\/files\/2015\/12\/Logo_Culture_SLSJ_noir1.png\"><img loading=\"lazy\" decoding=\"async\" class=\"alignnone size-full wp-image-3281\" src=\"https:\/\/colloques.uqac.ca\/ecoconseil\/files\/2015\/12\/Logo_Culture_SLSJ_noir1.png\" alt=\"Logo_Culture_SLSJ_noir\" width=\"637\" height=\"223\" srcset=\"https:\/\/colloques.uqac.ca\/ecoconseil\/files\/2015\/12\/Logo_Culture_SLSJ_noir1.png 637w, https:\/\/colloques.uqac.ca\/ecoconseil\/files\/2015\/12\/Logo_Culture_SLSJ_noir1-300x105.png 300w\" sizes=\"(max-width: 637px) 100vw, 637px\" \/><\/a><\/p>\n<p style=\"text-align: center\">Merci \u00e0 Culture Saguenay-Lac-Saint-Jean pour son support financier, ses conseils et le support pour la logistique pour un \u00e9v\u00e8nement en relation avec les acteurs du milieu des arts et de la culture.\u00a0<a href=\"https:\/\/colloques.uqac.ca\/ecoconseil\/files\/2015\/12\/Loeuvre-de-lautre.png\"><img loading=\"lazy\" decoding=\"async\" class=\"alignnone size-full wp-image-3278\" src=\"https:\/\/colloques.uqac.ca\/ecoconseil\/files\/2015\/12\/Loeuvre-de-lautre.png\" alt=\"L'oeuvre de l'autre\" width=\"934\" height=\"238\" srcset=\"https:\/\/colloques.uqac.ca\/ecoconseil\/files\/2015\/12\/Loeuvre-de-lautre.png 934w, https:\/\/colloques.uqac.ca\/ecoconseil\/files\/2015\/12\/Loeuvre-de-lautre-300x76.png 300w\" sizes=\"(max-width: 934px) 100vw, 934px\" \/><\/a><\/p>\n<p>Le centre d\u2019exposition de l\u2019UQAC a accept\u00e9 que nous y tenions notre conf\u00e9rence de presse le 19 janvier. Ainsi que de faire visiter l\u2019exposition de Martin Bureau aux participants du colloque, et ce en dehors des heures d\u2019ouverture. Merci \u00e0 Nathalie Villeneuve de nous avoir aid\u00e9s dans cette d\u00e9marche.<\/p>\n<p style=\"text-align: center\"><a href=\"https:\/\/colloques.uqac.ca\/ecoconseil\/files\/2015\/12\/GD_Photo_miniature.jpg\"><img loading=\"lazy\" decoding=\"async\" class=\"alignnone size-large wp-image-3257\" src=\"https:\/\/colloques.uqac.ca\/ecoconseil\/files\/2015\/12\/GD_Photo_miniature-1024x1006.jpg\" alt=\"GD_Photo_miniature\" width=\"474\" height=\"466\" srcset=\"https:\/\/colloques.uqac.ca\/ecoconseil\/files\/2015\/12\/GD_Photo_miniature-1024x1006.jpg 1024w, https:\/\/colloques.uqac.ca\/ecoconseil\/files\/2015\/12\/GD_Photo_miniature-300x295.jpg 300w\" sizes=\"(max-width: 474px) 100vw, 474px\" \/><\/a><\/p>\n<p style=\"text-align: center\">Merci au Grand Dialogue pour la transition socio-\u00e9cologique d&rsquo;\u00eatre notre\u00a0<strong><span style=\"font-weight: 400\">partenaire d\u2019animation pour l&rsquo;\u00e9v\u00e8nement.\u00a0<\/span><\/strong>Ainsi que pour son expertise et ses conseils apport\u00e9s dans notre d\u00e9marche acad\u00e9mique de cr\u00e9er un lieu de dialogue entre l\u2019art et la transition sociale et \u00e9cologique.<\/p>\n<p style=\"text-align: center\">\u00a0<a href=\"https:\/\/colloques.uqac.ca\/ecoconseil\/files\/2015\/12\/LogoLAGORA-Web_Bleu-Couleurs.png\"><img loading=\"lazy\" decoding=\"async\" class=\"alignnone size-large wp-image-3254\" src=\"https:\/\/colloques.uqac.ca\/ecoconseil\/files\/2015\/12\/LogoLAGORA-Web_Bleu-Couleurs-1024x360.png\" alt=\"LogoLAGORA-Web_Bleu-Couleurs\" width=\"474\" height=\"167\" srcset=\"https:\/\/colloques.uqac.ca\/ecoconseil\/files\/2015\/12\/LogoLAGORA-Web_Bleu-Couleurs-1024x360.png 1024w, https:\/\/colloques.uqac.ca\/ecoconseil\/files\/2015\/12\/LogoLAGORA-Web_Bleu-Couleurs-300x105.png 300w, https:\/\/colloques.uqac.ca\/ecoconseil\/files\/2015\/12\/LogoLAGORA-Web_Bleu-Couleurs.png 1736w\" sizes=\"(max-width: 474px) 100vw, 474px\" \/><\/a><\/p>\n<p style=\"text-align: center\">Les animateurs et animatrices de LAGORA nous aiderons lors des diff\u00e9rentes activit\u00e9s du colloque.<\/p>\n<p>&nbsp;<\/p>\n<p><a href=\"https:\/\/colloques.uqac.ca\/ecoconseil\/files\/2015\/12\/MAGE_UQAC.png\"><img loading=\"lazy\" decoding=\"async\" class=\"alignnone  wp-image-3004 aligncenter\" src=\"https:\/\/colloques.uqac.ca\/ecoconseil\/files\/2015\/12\/MAGE_UQAC-1024x942.png\" alt=\"MAGE_UQAC\" width=\"409\" height=\"376\" srcset=\"https:\/\/colloques.uqac.ca\/ecoconseil\/files\/2015\/12\/MAGE_UQAC-1024x942.png 1024w, https:\/\/colloques.uqac.ca\/ecoconseil\/files\/2015\/12\/MAGE_UQAC-300x276.png 300w\" sizes=\"(max-width: 409px) 100vw, 409px\" \/><\/a><\/p>\n<p style=\"text-align: center\">Merci, au MAGE-UQAC, de nous soutenir dans cet \u00e9v\u00e9nement !\u00a0Et d&rsquo;avoir r\u00e9pondu \u00e0 nos questions sur la tenue d\u2019\u00e9v\u00e8nement \u00e9tudiant \u00e0 l\u2019UQAC.<\/p>\n<p><a href=\"https:\/\/colloques.uqac.ca\/ecoconseil\/files\/2015\/12\/Ville_de_saguenay.png\"><img loading=\"lazy\" decoding=\"async\" class=\"alignnone size-full wp-image-2979\" src=\"https:\/\/colloques.uqac.ca\/ecoconseil\/files\/2015\/12\/Ville_de_saguenay.png\" alt=\"Ville_de_saguenay\" width=\"400\" height=\"225\" srcset=\"https:\/\/colloques.uqac.ca\/ecoconseil\/files\/2015\/12\/Ville_de_saguenay.png 400w, https:\/\/colloques.uqac.ca\/ecoconseil\/files\/2015\/12\/Ville_de_saguenay-300x169.png 300w\" sizes=\"(max-width: 400px) 100vw, 400px\" \/><\/a><\/p>\n<p>Comme chaque ann\u00e9e, la ville de Saguenay accepte de nous financer.<\/p>\n<p>&nbsp;<\/p>\n","protected":false},"excerpt":{"rendered":"<p>Ils ont\u00a0accept\u00e9 d&rsquo;aider la cohorte en \u00e9co-conseil\u00a0\u00e0 la r\u00e9alisation de\u00a0 l\u2019\u00e9v\u00e9nement :\u00a0L&rsquo;art comme m\u00e9diateur de la transition sociale et \u00e9cologique.\u00a0 Partenaire \u00a0Merci \u00e0 l&rsquo;UQAC d&rsquo;\u00eatre l&rsquo;h\u00f4te de cet \u00e9v\u00e8nement.\u00a0 Et merci au d\u00e9partement des sciences fondamentales de nous soutenir financi\u00e8rement. Merci \u00e0 L&rsquo;APECQ pour leur soutien ! Tant financier que logistique. Merci \u00e0 Culture Saguenay-Lac-Saint-Jean &hellip; <a href=\"https:\/\/colloques.uqac.ca\/ecoconseil\/partenaires\/\" class=\"more-link\">Continuer la lecture de <span class=\"screen-reader-text\">Cohorte 22 &#8211; Partenaires<\/span>  <span class=\"meta-nav\">&rarr;<\/span><\/a><\/p>\n","protected":false},"author":27,"featured_media":0,"parent":0,"menu_order":6,"comment_status":"open","ping_status":"closed","template":"","meta":{"footnotes":""},"_links":{"self":[{"href":"https:\/\/colloques.uqac.ca\/ecoconseil\/wp-json\/wp\/v2\/pages\/1293"}],"collection":[{"href":"https:\/\/colloques.uqac.ca\/ecoconseil\/wp-json\/wp\/v2\/pages"}],"about":[{"href":"https:\/\/colloques.uqac.ca\/ecoconseil\/wp-json\/wp\/v2\/types\/page"}],"author":[{"embeddable":true,"href":"https:\/\/colloques.uqac.ca\/ecoconseil\/wp-json\/wp\/v2\/users\/27"}],"replies":[{"embeddable":true,"href":"https:\/\/colloques.uqac.ca\/ecoconseil\/wp-json\/wp\/v2\/comments?post=1293"}],"version-history":[{"count":67,"href":"https:\/\/colloques.uqac.ca\/ecoconseil\/wp-json\/wp\/v2\/pages\/1293\/revisions"}],"predecessor-version":[{"id":1949,"href":"https:\/\/colloques.uqac.ca\/ecoconseil\/wp-json\/wp\/v2\/pages\/1293\/revisions\/1949"}],"wp:attachment":[{"href":"https:\/\/colloques.uqac.ca\/ecoconseil\/wp-json\/wp\/v2\/media?parent=1293"}],"curies":[{"name":"wp","href":"https:\/\/api.w.org\/{rel}","templated":true}]}}