{"id":8000653,"date":"2024-10-21T18:11:36","date_gmt":"2024-10-21T23:11:36","guid":{"rendered":"https:\/\/colloques.uqac.ca\/dd\/?page_id=8000653"},"modified":"2024-10-30T10:14:55","modified_gmt":"2024-10-30T15:14:55","slug":"partage","status":"publish","type":"page","link":"https:\/\/colloques.uqac.ca\/dd\/partage\/","title":{"rendered":"Partage du contenu scientifique"},"content":{"rendered":"<h3>Cahier du congr\u00e8s<\/h3>\n<p>Consultez le cahier du congr\u00e8s en cliquant sur le lien suivant:<\/p>\n<p style=\"text-align: center\"><a href=\"https:\/\/colloques.uqac.ca\/dd\/files\/2024\/10\/cahier_congres.pdf\">cahier des congr\u00e8s<\/a><\/p>\n<h3>Conf\u00e9rences partag\u00e9es<\/h3>\n<p>Les personnes suivantes ont accept\u00e9 de partager le support visuel de leur communication.<\/p>\n<p>Dieumerci Eluo : <a href=\"https:\/\/colloques.uqac.ca\/dd\/files\/2024\/10\/DieumerciEluo_CongresPDD2024.pdf\">Apport de la t\u00e9l\u00e9d\u00e9tection dans la mise en place d\u2019un plan de pr\u00e9vention et suivi d\u2019incendies des tourbi\u00e8res foresti\u00e8re du Bassin du Congo : Cas de la tourbi\u00e8re foresti\u00e8re de Lokolama (RDC).<\/a><\/p>\n<p>\u00c9tienne Allard-Goyer : <a href=\"https:\/\/colloques.uqac.ca\/dd\/files\/2024\/10\/EtienneAllardGoyer_CongresPDD2024.pdf\">Introduction \u00e0 l\u2019\u00e9conomie circulaire, et comment la mettre au service de la transition \u00e9nerg\u00e9tique.<\/a><\/p>\n<p>Joao Augusto Lago Araujo Seixas : <a href=\"https:\/\/colloques.uqac.ca\/dd\/files\/2024\/10\/JoaoSeixas_CongresPDD2024.pdf\">D\u00e9veloppement d\u2019un b\u00e9ton \u00e9lectriquement conducteur par utilisation des r\u00e9sidus de bauxite bruts ou transform\u00e9s.<\/a><\/p>\n<p>Lucas Moreau: MoSiR : <a href=\"https:\/\/colloques.uqac.ca\/dd\/files\/2024\/10\/LucasMoreau_CongresPDD2024.pdf\">un outil de suivi des flux de mati\u00e8res au service de la comptabilisation carbone des produits du bois.<\/a><\/p>\n<p>Marie-Lee Audet : <a href=\"https:\/\/colloques.uqac.ca\/dd\/files\/2024\/10\/MarieLeeAudet_CongresPDD2024.pdf\">Valorisation du kalmia \u00e0 feuilles \u00e9troites<\/a><\/p>\n<p>Martin Bourbonnais : <a href=\"https:\/\/colloques.uqac.ca\/dd\/files\/2024\/10\/MartinBourbonnais_CongresPDD2024.pdf\">Le CPA\/Centre TERRE en action pour soutenir la transition \u00e9nerg\u00e9tique !<\/a><\/p>\n<p>Maxence Marin : <a href=\"https:\/\/colloques.uqac.ca\/dd\/files\/2024\/10\/MaxenceMartin_CongresPDD2024.pdf\">Comment maintenir les habitats et services \u00e9cosyst\u00e9miques des vieilles for\u00eats dans un contexte de changements globaux?<\/a><\/p>\n<p>Maxime Potvin : <a href=\"https:\/\/colloques.uqac.ca\/dd\/files\/2024\/10\/MaximePotvin_CongresPDD2024.pdf\">Effets de l\u2019ajout de sirop d\u2019\u00e9rable sur le profile ph\u00e9nolique de vins local<\/a><\/p>\n<p>Rozansky Joseph : <a href=\"https:\/\/colloques.uqac.ca\/dd\/files\/2024\/10\/RozenskyJoseph_CongresPDD2024.pdf\">Analyse comparative pr\u00e9liminaire du cycle de vie environnementale de pyl\u00f4ne en acier et en aluminium utilis\u00e9s dans le transport d\u00b4\u00e9lectricit\u00e9.<\/a><\/p>\n<p>Simon Ricard: <a href=\"https:\/\/colloques.uqac.ca\/dd\/files\/2024\/10\/SimonRicard_CongresPDD2024.pdf\">Strategies for sustainable total syntheses of natural products<\/a><\/p>\n","protected":false},"excerpt":{"rendered":"<p>Cahier du congr\u00e8s Consultez le cahier du congr\u00e8s en cliquant sur le lien suivant: cahier des congr\u00e8s Conf\u00e9rences partag\u00e9es Les personnes suivantes ont accept\u00e9 de partager le support visuel de leur communication. Dieumerci Eluo : Apport de la t\u00e9l\u00e9d\u00e9tection dans la mise en place d\u2019un plan de pr\u00e9vention et suivi d\u2019incendies des tourbi\u00e8res foresti\u00e8re du &hellip; <a href=\"https:\/\/colloques.uqac.ca\/dd\/partage\/\" class=\"more-link\">Continuer la lecture de <span class=\"screen-reader-text\">Partage du contenu scientifique<\/span>  <span class=\"meta-nav\">&rarr;<\/span><\/a><\/p>\n","protected":false},"author":80,"featured_media":0,"parent":0,"menu_order":0,"comment_status":"closed","ping_status":"closed","template":"","meta":{"footnotes":""},"_links":{"self":[{"href":"https:\/\/colloques.uqac.ca\/dd\/wp-json\/wp\/v2\/pages\/8000653"}],"collection":[{"href":"https:\/\/colloques.uqac.ca\/dd\/wp-json\/wp\/v2\/pages"}],"about":[{"href":"https:\/\/colloques.uqac.ca\/dd\/wp-json\/wp\/v2\/types\/page"}],"author":[{"embeddable":true,"href":"https:\/\/colloques.uqac.ca\/dd\/wp-json\/wp\/v2\/users\/80"}],"replies":[{"embeddable":true,"href":"https:\/\/colloques.uqac.ca\/dd\/wp-json\/wp\/v2\/comments?post=8000653"}],"version-history":[{"count":13,"href":"https:\/\/colloques.uqac.ca\/dd\/wp-json\/wp\/v2\/pages\/8000653\/revisions"}],"predecessor-version":[{"id":8000725,"href":"https:\/\/colloques.uqac.ca\/dd\/wp-json\/wp\/v2\/pages\/8000653\/revisions\/8000725"}],"wp:attachment":[{"href":"https:\/\/colloques.uqac.ca\/dd\/wp-json\/wp\/v2\/media?parent=8000653"}],"curies":[{"name":"wp","href":"https:\/\/api.w.org\/{rel}","templated":true}]}}