{"id":8000629,"date":"2024-10-13T10:03:44","date_gmt":"2024-10-13T15:03:44","guid":{"rendered":"https:\/\/colloques.uqac.ca\/dd\/?page_id=8000629"},"modified":"2024-10-13T10:03:44","modified_gmt":"2024-10-13T15:03:44","slug":"mots-de-bienvenue","status":"publish","type":"page","link":"https:\/\/colloques.uqac.ca\/dd\/mots-de-bienvenue\/","title":{"rendered":"Mots de bienvenue"},"content":{"rendered":"<p><a href=\"https:\/\/colloques.uqac.ca\/dd\/files\/2024\/10\/mbouazara.jpg\"><img loading=\"lazy\" decoding=\"async\" class=\"size-medium wp-image-8000631 alignleft\" src=\"https:\/\/colloques.uqac.ca\/dd\/files\/2024\/10\/mbouazara-225x300.jpg\" alt=\"\" width=\"225\" height=\"300\" srcset=\"https:\/\/colloques.uqac.ca\/dd\/files\/2024\/10\/mbouazara-225x300.jpg 225w, https:\/\/colloques.uqac.ca\/dd\/files\/2024\/10\/mbouazara-300x400.jpg 300w, https:\/\/colloques.uqac.ca\/dd\/files\/2024\/10\/mbouazara.jpg 450w\" sizes=\"(max-width: 225px) 100vw, 225px\" \/><\/a>En tant que Vice-recteur \u00e0 la recherche, \u00e0 la cr\u00e9ation, \u00e0 l&rsquo;innovation et aux partenariats, je vous souhaite la bienvenue \u00e0 cette toute premi\u00e8re \u00e9dition 2024 du congr\u00e8s \u00ab Progr\u00e8s en d\u00e9veloppement durable \u00bb, organis\u00e9 par l\u2019Universit\u00e9 du Qu\u00e9bec \u00e0 Chicoutimi. C&rsquo;est un\u00a0 plaisir de vous accueillir au sein de notre institution, reconnue pour son engagement envers la recherche collaborative avec le milieu.<\/p>\n<p>Cet \u00e9v\u00e9nement constitue une plateforme essentielle pour enrichir les \u00e9changes sur des th\u00e8mes cruciaux et actuels en mati\u00e8re de durabilit\u00e9. Notre plan\u00e8te manifeste un int\u00e9r\u00eat croissant pour une utilisation rationnelle et responsable des ressources naturelles renouvelables. Bien que de nombreux travaux aient \u00e9t\u00e9 r\u00e9alis\u00e9s dans ce domaine, il reste un long chemin \u00e0 parcourir pour atteindre nos objectifs de durabilit\u00e9.<\/p>\n<p>Cette premi\u00e8re \u00e9dition, plac\u00e9e sous le th\u00e8me \u00ab La science et le g\u00e9nie au service de la transition \u00e9cologique et \u00e9nerg\u00e9tique \u00bb, marque le d\u00e9but d&rsquo;une s\u00e9rie d&rsquo;\u00e9v\u00e9nements consacr\u00e9s au d\u00e9veloppement durable. Nous sommes convaincus que les discussions qui se tiendront au cours des trois jours contribueront \u00e0 renforcer les synergies entre la recherche, l&rsquo;innovation et les pratiques durables.<\/p>\n<p>Enfin, permettez-moi, chers participants, de remercier chaleureusement le comit\u00e9 organisateur pour son d\u00e9vouement et son travail acharn\u00e9. Je vous souhaite des \u00e9changes fructueux et inspirants, qui, j&rsquo;en suis s\u00fbr, apporteront des contributions significatives \u00e0 notre qu\u00eate collective pour un avenir plus durable.<\/p>\n<h5>Mohammed Bouazara<\/h5>\n<p><strong>Vice-recteur \u00e0 la recherche \u00e0 la cr\u00e9ation, \u00e0 l&rsquo;innovation et aux partenariats de l\u2019UQAC<\/p>\n<p><\/strong><\/p>\n<p>&nbsp;<\/p>\n<p><a href=\"https:\/\/colloques.uqac.ca\/dd\/files\/2024\/10\/JRoss2023-2.jpg\"><img loading=\"lazy\" decoding=\"async\" class=\"size-medium wp-image-8000630 alignright\" src=\"https:\/\/colloques.uqac.ca\/dd\/files\/2024\/10\/JRoss2023-2-267x300.jpg\" alt=\"\" width=\"267\" height=\"300\" srcset=\"https:\/\/colloques.uqac.ca\/dd\/files\/2024\/10\/JRoss2023-2-267x300.jpg 267w, https:\/\/colloques.uqac.ca\/dd\/files\/2024\/10\/JRoss2023-2-300x338.jpg 300w, https:\/\/colloques.uqac.ca\/dd\/files\/2024\/10\/JRoss2023-2.jpg 343w\" sizes=\"(max-width: 267px) 100vw, 267px\" \/><\/a>C\u2019est un plaisir et un privil\u00e8ge de souhaiter la bienvenue \u00e0 vous tous ch\u00e8res participantes et chers participants \u00e0 ce tout nouveau congr\u00e8s, Progr\u00e8s EN D\u00c9VELOPPEMENT DURABLE : la science et le g\u00e9nie au service de la transition \u00e9cologique et \u00e9nerg\u00e9tique. C\u2019est une premi\u00e8re \u00e9dition, certes, mais qui, j\u2019en suis convaincue, saura marquer le d\u00e9but d\u2019une tradition plus que pertinente sur ce sujet qui m\u2019est cher : le d\u00e9veloppement durable. En tant que participant et participante, vous faites donc partie des pionniers qui contribueront \u00e0 assurer le succ\u00e8s de ce rassemblement scientifique, technologique et soci\u00e9tal, vous avez donc une mission importante. En participant \u00e0 ce congr\u00e8s, vous jetez les bases pour le futur, un futur dans lequel nous avons tous un r\u00f4le \u00e0 jouer, que l\u2019on vienne du monde acad\u00e9mique ou de l\u2019industrie en passant par les d\u00e9veloppeurs de solutions et les \u00e9quipementiers.<\/p>\n<p>Ce qui est \u00e9galement d\u2019autant plus excitant pour ce nouveau congr\u00e8s, c\u2019est l\u2019int\u00e9gration de la Journ\u00e9e \u00e9tudiante du R\u00c9GAL (JER) au sein de l\u2019\u00e9v\u00e9nement. Cette ann\u00e9e, les membres de ce regroupement de chercheurs et chercheuses se r\u00e9uniront sous la th\u00e9matique du d\u00e9veloppement durable. Cela repr\u00e9sente une opportunit\u00e9 rare de mettre en commun nos connaissances, de partager, d\u2019\u00e9changer et de se connecter pour stimuler l\u2019innovation et acc\u00e9l\u00e9rer la concr\u00e9tisation de solutions de durabilit\u00e9. C&rsquo;est aussi l&rsquo;occasion de faire rayonner des \u00e9tudiants et \u00e9tudiantes qui \u00e0 leur tour pourront se lier \u00e0 des joueurs cl\u00e9s et en apprendre davantage au niveau acad\u00e9mique autant qu\u2019industriel.<\/p>\n<p>Enfin, je vous souhaite d\u2019avoir du plaisir lors du congr\u00e8s! Profitez de ce moment pour discuter. \u00c9changez, partagez et cr\u00e9ez l\u2019\u00e9tincelle qui allume la cr\u00e9ativit\u00e9 et l\u2019innovation. Bon congr\u00e8s \u00e0 tous!<\/p>\n<h5>Josette Ross<\/h5>\n<p><strong>Directrice G\u00e9n\u00e9rale | Centre de recherche et d\u00e9veloppement Arvida RioTinto | Aluminium<\/strong><\/p>\n<p>&nbsp;<\/p>\n<p><strong><a href=\"https:\/\/colloques.uqac.ca\/dd\/files\/2024\/10\/Dir-REGAL.jpg\"><img loading=\"lazy\" decoding=\"async\" class=\"size-medium wp-image-8000635 alignleft\" src=\"https:\/\/colloques.uqac.ca\/dd\/files\/2024\/10\/Dir-REGAL-300x236.jpg\" alt=\"\" width=\"300\" height=\"236\" srcset=\"https:\/\/colloques.uqac.ca\/dd\/files\/2024\/10\/Dir-REGAL-300x236.jpg 300w, https:\/\/colloques.uqac.ca\/dd\/files\/2024\/10\/Dir-REGAL.jpg 604w\" sizes=\"(max-width: 300px) 100vw, 300px\" \/><\/a><\/strong>Bienvenue \u00e0 la 21<sup>e<\/sup> \u00e9dition de la Journ\u00e9e \u00e9tudiante du REGAL (JER), un \u00e9v\u00e9nement phare du Centre qui c\u00e9l\u00e8bre deux d\u00e9cennies de d\u00e9couvertes et de collaborations dans le domaine de l&rsquo;aluminium au Qu\u00e9bec. Cette journ\u00e9e embl\u00e9matique offre une vision globale de la recherche universitaire, rassemblant \u00e9tudiants\/\u00e9tudiantes, chercheurs\/chercheures, professionnels\/professionnelles et acteurs de l&rsquo;industrie pour \u00e9changer et partager leurs connaissances essentielles sur l&rsquo;aluminium.<\/p>\n<p>Au fil des ann\u00e9es, la JER s&rsquo;est impos\u00e9e comme un rendez-vous incontournable dans l&rsquo;\u00e9cosyst\u00e8me de l&rsquo;aluminium au Qu\u00e9bec, mettant en lumi\u00e8re le talent et le travail acharn\u00e9 des \u00e9tudiants\/\u00e9tudiantes. La pr\u00e9sentation d&rsquo;affiches, moyen d\u2019apprentissage par la recherche, permet aux \u00e9tudiants de relever le d\u00e9fi de synth\u00e9tiser une ann\u00e9e de travail en quelques minutes. C\u2019est pour soutenir cette initiative audacieuse que la JER a vu le jour il y a 21 ans.<\/p>\n<p>L&rsquo;\u00e9v\u00e9nement a eu lieu dans divers \u00e9tablissements membres du REGAL et s&rsquo;est enrichi en s&rsquo;associant \u00e0 d&rsquo;autres manifestations nationales et internationales telles que COM, CIAC, ICSOBA, ICAA et le colloque Aluminium +. Pour l&rsquo;\u00e9dition 2024, la JER s&rsquo;associe au congr\u00e8s \u00ab Progr\u00e8s en d\u00e9veloppement durable \u00bb, une plateforme d\u2019\u00e9change d\u00e9di\u00e9e \u00e0 la science et \u00e0 l&rsquo;ing\u00e9nierie, essentielles \u00e0 la transition \u00e9cologique et \u00e9nerg\u00e9tique. Cette synergie refl\u00e8te parfaitement les nouvelles orientations du Centre, qui visent \u00e0 intensifier les activit\u00e9s en mati\u00e8re de d\u00e9veloppement durable et d&rsquo;\u00ab aluminium responsable \u00bb.<\/p>\n<p>Cette r\u00e9ussite n&rsquo;aurait \u00e9t\u00e9 possible sans le soutien ind\u00e9fectible du Fonds de recherche du Qu\u00e9bec &#8211; Nature et technologies (FRQNT) et de nos partenaires industriels, notamment Alcoa, Aluminerie Alouette, AluQu\u00e9bec, le CQRDA, le CRITM, le CSMO, ELYSIS, Hatch, ICSOBA et Rio Tinto. Leur contribution financi\u00e8re a permis la remise des prix \u00e9tudiants, renfor\u00e7ant ainsi l&rsquo;engagement de la communaut\u00e9. Je tiens \u00e9galement mentionner que le FRQNT a renouvel\u00e9 son support financier au REGAL pour une autre p\u00e9riode de 6 ans \u2013 un appui essentiel pour maintenir les activit\u00e9s du Centre.<\/p>\n<p>Enfin, je tiens \u00e0 exprimer ma profonde gratitude envers tous les \u00e9tudiants\/\u00e9tudiantes pour leur participation, les \u00e9valuateurs pour leur expertise, et surtout au professeur Lukas Dion ainsi que l\u2019\u00e9quipe d\u2019organisation du congr\u00e8s pour leurs efforts remarquables qui ont rendu possible la tenue de cet \u00e9v\u00e9nement au Saguenay.<\/p>\n<h5>Houshang Alamdari<\/h5>\n<p><strong>Directeur du Regroupement strat\u00e9gique REGAL, Universit\u00e9 Laval<br \/>\nProfesseur titulaire, d\u00e9partement de g\u00e9nie des mines, de la m\u00e9tallurgie et des mat\u00e9riaux<\/strong><\/p>\n<p><strong>\u00a0<\/strong><\/p>\n<p>&nbsp;<\/p>\n","protected":false},"excerpt":{"rendered":"<p>En tant que Vice-recteur \u00e0 la recherche, \u00e0 la cr\u00e9ation, \u00e0 l&rsquo;innovation et aux partenariats, je vous souhaite la bienvenue \u00e0 cette toute premi\u00e8re \u00e9dition 2024 du congr\u00e8s \u00ab Progr\u00e8s en d\u00e9veloppement durable \u00bb, organis\u00e9 par l\u2019Universit\u00e9 du Qu\u00e9bec \u00e0 Chicoutimi. C&rsquo;est un\u00a0 plaisir de vous accueillir au sein de notre institution, reconnue pour son &hellip; <a href=\"https:\/\/colloques.uqac.ca\/dd\/mots-de-bienvenue\/\" class=\"more-link\">Continuer la lecture de <span class=\"screen-reader-text\">Mots de bienvenue<\/span>  <span class=\"meta-nav\">&rarr;<\/span><\/a><\/p>\n","protected":false},"author":96,"featured_media":0,"parent":0,"menu_order":0,"comment_status":"closed","ping_status":"closed","template":"","meta":{"footnotes":""},"_links":{"self":[{"href":"https:\/\/colloques.uqac.ca\/dd\/wp-json\/wp\/v2\/pages\/8000629"}],"collection":[{"href":"https:\/\/colloques.uqac.ca\/dd\/wp-json\/wp\/v2\/pages"}],"about":[{"href":"https:\/\/colloques.uqac.ca\/dd\/wp-json\/wp\/v2\/types\/page"}],"author":[{"embeddable":true,"href":"https:\/\/colloques.uqac.ca\/dd\/wp-json\/wp\/v2\/users\/96"}],"replies":[{"embeddable":true,"href":"https:\/\/colloques.uqac.ca\/dd\/wp-json\/wp\/v2\/comments?post=8000629"}],"version-history":[{"count":4,"href":"https:\/\/colloques.uqac.ca\/dd\/wp-json\/wp\/v2\/pages\/8000629\/revisions"}],"predecessor-version":[{"id":8000636,"href":"https:\/\/colloques.uqac.ca\/dd\/wp-json\/wp\/v2\/pages\/8000629\/revisions\/8000636"}],"wp:attachment":[{"href":"https:\/\/colloques.uqac.ca\/dd\/wp-json\/wp\/v2\/media?parent=8000629"}],"curies":[{"name":"wp","href":"https:\/\/api.w.org\/{rel}","templated":true}]}}