{"id":8000593,"date":"2024-10-11T14:36:17","date_gmt":"2024-10-11T19:36:17","guid":{"rendered":"https:\/\/colloques.uqac.ca\/dd\/?page_id=8000593"},"modified":"2024-10-14T06:42:48","modified_gmt":"2024-10-14T11:42:48","slug":"sondage","status":"publish","type":"page","link":"https:\/\/colloques.uqac.ca\/dd\/sondage\/","title":{"rendered":"Sondage"},"content":{"rendered":"<p><span style=\"color: #0000ff\">Afin de nous aider \u00e0 faire de la 2e \u00e9dition un \u00e9v\u00e8nement encore plus attrayant, nous vons invitons \u00e0 r\u00e9pondre \u00e0 ce court<\/span> <a href=\"https:\/\/forms.gle\/bPcw1NCoLwmVxJY5A\">sondage<\/a>.<\/p>\n<p><span style=\"color: #ff0000\">In order to help us make the second edition an even more attractive event, we invite you to complete this short<\/span> <a href=\"https:\/\/forms.gle\/Y5sLnMYuy6R7CUrg7\">survey<\/a><\/p>\n","protected":false},"excerpt":{"rendered":"<p>Afin de nous aider \u00e0 faire de la 2e \u00e9dition un \u00e9v\u00e8nement encore plus attrayant, nous vons invitons \u00e0 r\u00e9pondre \u00e0 ce court sondage. In order to help us make the second edition an even more attractive event, we invite you to complete this short survey<\/p>\n","protected":false},"author":80,"featured_media":0,"parent":0,"menu_order":0,"comment_status":"closed","ping_status":"closed","template":"","meta":{"footnotes":""},"_links":{"self":[{"href":"https:\/\/colloques.uqac.ca\/dd\/wp-json\/wp\/v2\/pages\/8000593"}],"collection":[{"href":"https:\/\/colloques.uqac.ca\/dd\/wp-json\/wp\/v2\/pages"}],"about":[{"href":"https:\/\/colloques.uqac.ca\/dd\/wp-json\/wp\/v2\/types\/page"}],"author":[{"embeddable":true,"href":"https:\/\/colloques.uqac.ca\/dd\/wp-json\/wp\/v2\/users\/80"}],"replies":[{"embeddable":true,"href":"https:\/\/colloques.uqac.ca\/dd\/wp-json\/wp\/v2\/comments?post=8000593"}],"version-history":[{"count":2,"href":"https:\/\/colloques.uqac.ca\/dd\/wp-json\/wp\/v2\/pages\/8000593\/revisions"}],"predecessor-version":[{"id":8000638,"href":"https:\/\/colloques.uqac.ca\/dd\/wp-json\/wp\/v2\/pages\/8000593\/revisions\/8000638"}],"wp:attachment":[{"href":"https:\/\/colloques.uqac.ca\/dd\/wp-json\/wp\/v2\/media?parent=8000593"}],"curies":[{"name":"wp","href":"https:\/\/api.w.org\/{rel}","templated":true}]}}