{"id":8000495,"date":"2024-10-02T10:51:15","date_gmt":"2024-10-02T15:51:15","guid":{"rendered":"https:\/\/colloques.uqac.ca\/dd\/?page_id=8000495"},"modified":"2024-10-02T10:51:15","modified_gmt":"2024-10-02T15:51:15","slug":"contact","status":"publish","type":"page","link":"https:\/\/colloques.uqac.ca\/dd\/contact\/","title":{"rendered":"Contact"},"content":{"rendered":"<p>Pour toute demande d&rsquo;informations suppl\u00e9mentaires, veuillez nous \u00e9crire un courriel \u00e0 l&rsquo;adresse <a href=\"congresDD.2024@uqac.ca\u201d\">congresDD.2024@uqac.ca<\/a>.<\/p>\n","protected":false},"excerpt":{"rendered":"<p>Pour toute demande d&rsquo;informations suppl\u00e9mentaires, veuillez nous \u00e9crire un courriel \u00e0 l&rsquo;adresse congresDD.2024@uqac.ca.<\/p>\n","protected":false},"author":80,"featured_media":0,"parent":0,"menu_order":0,"comment_status":"closed","ping_status":"closed","template":"","meta":{"footnotes":""},"_links":{"self":[{"href":"https:\/\/colloques.uqac.ca\/dd\/wp-json\/wp\/v2\/pages\/8000495"}],"collection":[{"href":"https:\/\/colloques.uqac.ca\/dd\/wp-json\/wp\/v2\/pages"}],"about":[{"href":"https:\/\/colloques.uqac.ca\/dd\/wp-json\/wp\/v2\/types\/page"}],"author":[{"embeddable":true,"href":"https:\/\/colloques.uqac.ca\/dd\/wp-json\/wp\/v2\/users\/80"}],"replies":[{"embeddable":true,"href":"https:\/\/colloques.uqac.ca\/dd\/wp-json\/wp\/v2\/comments?post=8000495"}],"version-history":[{"count":1,"href":"https:\/\/colloques.uqac.ca\/dd\/wp-json\/wp\/v2\/pages\/8000495\/revisions"}],"predecessor-version":[{"id":8000496,"href":"https:\/\/colloques.uqac.ca\/dd\/wp-json\/wp\/v2\/pages\/8000495\/revisions\/8000496"}],"wp:attachment":[{"href":"https:\/\/colloques.uqac.ca\/dd\/wp-json\/wp\/v2\/media?parent=8000495"}],"curies":[{"name":"wp","href":"https:\/\/api.w.org\/{rel}","templated":true}]}}