{"id":8000286,"date":"2024-09-21T15:20:12","date_gmt":"2024-09-21T20:20:12","guid":{"rendered":"https:\/\/colloques.uqac.ca\/dd\/?page_id=8000286"},"modified":"2024-10-14T14:54:10","modified_gmt":"2024-10-14T19:54:10","slug":"programmation","status":"publish","type":"page","link":"https:\/\/colloques.uqac.ca\/dd\/programmation\/","title":{"rendered":"Programmation"},"content":{"rendered":"<p>T\u00e9l\u00e9chargez la programmation officielle :<\/p>\n<ul>\n<li><a href=\"https:\/\/colloques.uqac.ca\/dd\/files\/2024\/10\/Prog_Complet_85-11.pdf\">Format 8.5 x 11<\/a><\/li>\n<li><a href=\"https:\/\/colloques.uqac.ca\/dd\/files\/2024\/10\/Prog_Complet_11-17.pdf\">Format 11 x 17<\/a><\/li>\n<\/ul>\n<p>T\u00e9l\u00e9chargez le cahier des participants :<\/p>\n<ul>\n<li><a href=\"https:\/\/colloques.uqac.ca\/dd\/files\/2024\/10\/cahier_congres.pdf\">Cahier du congr\u00e8s<\/a><\/li>\n<\/ul>\n<p><a href=\"https:\/\/colloques.uqac.ca\/dd\/files\/2024\/10\/Prog_Complet_85-11_Page_1.jpg\"><img loading=\"lazy\" decoding=\"async\" class=\"alignnone wp-image-8000642 size-full\" src=\"https:\/\/colloques.uqac.ca\/dd\/files\/2024\/10\/Prog_Complet_85-11_Page_1.jpg\" alt=\"\" width=\"1700\" height=\"2200\" srcset=\"https:\/\/colloques.uqac.ca\/dd\/files\/2024\/10\/Prog_Complet_85-11_Page_1.jpg 1700w, https:\/\/colloques.uqac.ca\/dd\/files\/2024\/10\/Prog_Complet_85-11_Page_1-232x300.jpg 232w, https:\/\/colloques.uqac.ca\/dd\/files\/2024\/10\/Prog_Complet_85-11_Page_1-791x1024.jpg 791w, https:\/\/colloques.uqac.ca\/dd\/files\/2024\/10\/Prog_Complet_85-11_Page_1-768x994.jpg 768w, https:\/\/colloques.uqac.ca\/dd\/files\/2024\/10\/Prog_Complet_85-11_Page_1-1187x1536.jpg 1187w, https:\/\/colloques.uqac.ca\/dd\/files\/2024\/10\/Prog_Complet_85-11_Page_1-1583x2048.jpg 1583w, https:\/\/colloques.uqac.ca\/dd\/files\/2024\/10\/Prog_Complet_85-11_Page_1-300x388.jpg 300w\" sizes=\"(max-width: 1700px) 100vw, 1700px\" \/><\/a><br \/>\n<a href=\"https:\/\/colloques.uqac.ca\/dd\/files\/2024\/10\/Prog_Complet_85-11_Page_2.jpg\"><img loading=\"lazy\" decoding=\"async\" class=\"alignnone wp-image-8000643 size-full\" src=\"https:\/\/colloques.uqac.ca\/dd\/files\/2024\/10\/Prog_Complet_85-11_Page_2.jpg\" alt=\"\" width=\"1700\" height=\"2200\" srcset=\"https:\/\/colloques.uqac.ca\/dd\/files\/2024\/10\/Prog_Complet_85-11_Page_2.jpg 1700w, https:\/\/colloques.uqac.ca\/dd\/files\/2024\/10\/Prog_Complet_85-11_Page_2-232x300.jpg 232w, https:\/\/colloques.uqac.ca\/dd\/files\/2024\/10\/Prog_Complet_85-11_Page_2-791x1024.jpg 791w, https:\/\/colloques.uqac.ca\/dd\/files\/2024\/10\/Prog_Complet_85-11_Page_2-768x994.jpg 768w, https:\/\/colloques.uqac.ca\/dd\/files\/2024\/10\/Prog_Complet_85-11_Page_2-1187x1536.jpg 1187w, https:\/\/colloques.uqac.ca\/dd\/files\/2024\/10\/Prog_Complet_85-11_Page_2-1583x2048.jpg 1583w, https:\/\/colloques.uqac.ca\/dd\/files\/2024\/10\/Prog_Complet_85-11_Page_2-300x388.jpg 300w\" sizes=\"(max-width: 1700px) 100vw, 1700px\" \/><\/a><a href=\"https:\/\/colloques.uqac.ca\/dd\/files\/2024\/10\/Prog_Complet_85-11_Page_3.jpg\"><img loading=\"lazy\" decoding=\"async\" class=\"alignnone wp-image-8000644 size-full\" src=\"https:\/\/colloques.uqac.ca\/dd\/files\/2024\/10\/Prog_Complet_85-11_Page_3.jpg\" alt=\"\" width=\"1700\" height=\"2200\" srcset=\"https:\/\/colloques.uqac.ca\/dd\/files\/2024\/10\/Prog_Complet_85-11_Page_3.jpg 1700w, https:\/\/colloques.uqac.ca\/dd\/files\/2024\/10\/Prog_Complet_85-11_Page_3-232x300.jpg 232w, https:\/\/colloques.uqac.ca\/dd\/files\/2024\/10\/Prog_Complet_85-11_Page_3-791x1024.jpg 791w, https:\/\/colloques.uqac.ca\/dd\/files\/2024\/10\/Prog_Complet_85-11_Page_3-768x994.jpg 768w, https:\/\/colloques.uqac.ca\/dd\/files\/2024\/10\/Prog_Complet_85-11_Page_3-1187x1536.jpg 1187w, https:\/\/colloques.uqac.ca\/dd\/files\/2024\/10\/Prog_Complet_85-11_Page_3-1583x2048.jpg 1583w, https:\/\/colloques.uqac.ca\/dd\/files\/2024\/10\/Prog_Complet_85-11_Page_3-300x388.jpg 300w\" sizes=\"(max-width: 1700px) 100vw, 1700px\" \/><\/a><\/p>\n","protected":false},"excerpt":{"rendered":"<p>T\u00e9l\u00e9chargez la programmation officielle : Format 8.5 x 11 Format 11 x 17 T\u00e9l\u00e9chargez le cahier des participants : Cahier du congr\u00e8s<\/p>\n","protected":false},"author":80,"featured_media":0,"parent":0,"menu_order":0,"comment_status":"closed","ping_status":"closed","template":"","meta":{"footnotes":""},"_links":{"self":[{"href":"https:\/\/colloques.uqac.ca\/dd\/wp-json\/wp\/v2\/pages\/8000286"}],"collection":[{"href":"https:\/\/colloques.uqac.ca\/dd\/wp-json\/wp\/v2\/pages"}],"about":[{"href":"https:\/\/colloques.uqac.ca\/dd\/wp-json\/wp\/v2\/types\/page"}],"author":[{"embeddable":true,"href":"https:\/\/colloques.uqac.ca\/dd\/wp-json\/wp\/v2\/users\/80"}],"replies":[{"embeddable":true,"href":"https:\/\/colloques.uqac.ca\/dd\/wp-json\/wp\/v2\/comments?post=8000286"}],"version-history":[{"count":23,"href":"https:\/\/colloques.uqac.ca\/dd\/wp-json\/wp\/v2\/pages\/8000286\/revisions"}],"predecessor-version":[{"id":8000645,"href":"https:\/\/colloques.uqac.ca\/dd\/wp-json\/wp\/v2\/pages\/8000286\/revisions\/8000645"}],"wp:attachment":[{"href":"https:\/\/colloques.uqac.ca\/dd\/wp-json\/wp\/v2\/media?parent=8000286"}],"curies":[{"name":"wp","href":"https:\/\/api.w.org\/{rel}","templated":true}]}}