{"id":8000010,"date":"2024-08-02T08:06:20","date_gmt":"2024-08-02T13:06:20","guid":{"rendered":"https:\/\/colloques.uqac.ca\/dd\/?page_id=8000010"},"modified":"2024-09-23T12:57:13","modified_gmt":"2024-09-23T17:57:13","slug":"ecoresponsabilite","status":"publish","type":"page","link":"https:\/\/colloques.uqac.ca\/dd\/ecoresponsabilite\/","title":{"rendered":"\u00c9coresponsabilit\u00e9"},"content":{"rendered":"<h2>Le congr\u00e8s est \u00e9coresponsable<\/h2>\n<p>En partenariat avec la soci\u00e9t\u00e9 qu\u00e9b\u00e9coise de r\u00e9cup\u00e9ration et de recyclage <a href=\"https:\/\/www.recyc-quebec.gouv.qc.ca\/\"><strong>RECYC-QUEBEC<\/strong><\/a> le congr\u00e8s \u00ab Progr\u00e8s en d\u00e9veloppement durable \u00bb a mis des mesures en place afin que cet \u00e9v\u00e8nement se rapproche de l\u2019<strong>\u00e9coresponsabilit\u00e9<\/strong>.<\/p>\n<h2>Gestion des mati\u00e8res r\u00e9siduelles<\/h2>\n<p>Le site de l\u2019\u00e9v\u00e8nement dispose d\u00e9j\u00e0 des installations pour trier les mati\u00e8res r\u00e9siduelles. Avec l\u2019aide de RECYC-QU\u00c9BEC et de l\u2019Universit\u00e9 du Qu\u00e9bec \u00e0 Chicoutimi, nous mettons en place des stations de <strong>r\u00e9cup\u00e9ration des mati\u00e8res compostables<\/strong> qui seront \u00e9tudi\u00e9es pour aider les h\u00f4tes de congr\u00e8s \u00e0 mieux appr\u00e9hender les \u00e9v\u00e8nements futurs.<br \/>\n<img decoding=\"async\" src=\"https:\/\/colloques.uqac.ca\/dd\/files\/2024\/09\/RETREC-156_ICI-ON-TRIE-Publication_rev2024.png\" width=\"250\" \/><img decoding=\"async\" src=\"https:\/\/colloques.uqac.ca\/dd\/files\/2024\/08\/RECYC_compost_1080x1080.jpg\" width=\"250\" \/><br \/>\nPour r\u00e9duire la consommation de plastique \u00e0 usage unique, nous encourageons nos participants \u00e0 venir au congr\u00e8s avec leur bouteille d&rsquo;eau r\u00e9utilisable. Nous nous chargerons de fournir de l&rsquo;eau pour remplir ces bouteilles.<br \/>\n<img decoding=\"async\" src=\"https:\/\/colloques.uqac.ca\/dd\/files\/2024\/08\/Bouteille_1080x1080_FR_contour.png\" width=\"250\" \/><br \/>\nAfin de limiter la consommation de papier, les programmes et livrets des participants au congr\u00e8s seront diffus\u00e9s en <strong>version \u00e9lectronique<\/strong>.<\/p>\n<h2>S\u00e9lection de l\u2019alimentation<\/h2>\n<p>Les repas servis durant le congr\u00e8s seront majoritairement <strong>locaux<\/strong> et <strong>v\u00e9g\u00e9tariens<\/strong> afin de limiter l\u2019empreinte environnementale. Les menus seront servis \u00e0 l\u2019assiette pour limiter le <strong>gaspillage<\/strong>, et les ustensiles fournis seront <strong>r\u00e9utilisables<\/strong> et <strong>durables<\/strong>.<\/p>\n<h2>S\u00e9lection des moyens de transport<\/h2>\n<p>Les participants sont invit\u00e9s \u00e0 se rendre au Saguenay gr\u00e2ce au <a href=\"https:\/\/togetzer.com\/covoiturage-evenement\/mjay3t\"><strong>covoiturage<\/strong><\/a> ou aux <a href=\"https:\/\/colloques.uqac.ca\/wp-content\/uploads\/uqac\/Proc%C3%A9dure code promo congr%C3%A8s Saguenay.pdf\"><strong>transports en commun<\/strong><\/a>. Une fois sur place, les d\u00e9placements \u00e0 pied ou avec les transports en commun de la ville de Saguenay (STS) sont encourag\u00e9s.<\/p>\n<p>Les participants ont \u00e9t\u00e9 invit\u00e9s \u00e0 compenser les \u00e9missions de GES li\u00e9s \u00e0 leurs d\u00e9placements par un don \u00e0 <a href=\"https:\/\/carboneboreal.uqac.ca\/\"><strong>Carbone bor\u00e9al<\/strong><\/a>.<\/p>\n","protected":false},"excerpt":{"rendered":"<p>Le congr\u00e8s est \u00e9coresponsable En partenariat avec la soci\u00e9t\u00e9 qu\u00e9b\u00e9coise de r\u00e9cup\u00e9ration et de recyclage RECYC-QUEBEC le congr\u00e8s \u00ab Progr\u00e8s en d\u00e9veloppement durable \u00bb a mis des mesures en place afin que cet \u00e9v\u00e8nement se rapproche de l\u2019\u00e9coresponsabilit\u00e9. Gestion des mati\u00e8res r\u00e9siduelles Le site de l\u2019\u00e9v\u00e8nement dispose d\u00e9j\u00e0 des installations pour trier les mati\u00e8res r\u00e9siduelles. &hellip; <a href=\"https:\/\/colloques.uqac.ca\/dd\/ecoresponsabilite\/\" class=\"more-link\">Continuer la lecture de <span class=\"screen-reader-text\">\u00c9coresponsabilit\u00e9<\/span>  <span class=\"meta-nav\">&rarr;<\/span><\/a><\/p>\n","protected":false},"author":80,"featured_media":0,"parent":0,"menu_order":0,"comment_status":"closed","ping_status":"closed","template":"","meta":{"footnotes":""},"_links":{"self":[{"href":"https:\/\/colloques.uqac.ca\/dd\/wp-json\/wp\/v2\/pages\/8000010"}],"collection":[{"href":"https:\/\/colloques.uqac.ca\/dd\/wp-json\/wp\/v2\/pages"}],"about":[{"href":"https:\/\/colloques.uqac.ca\/dd\/wp-json\/wp\/v2\/types\/page"}],"author":[{"embeddable":true,"href":"https:\/\/colloques.uqac.ca\/dd\/wp-json\/wp\/v2\/users\/80"}],"replies":[{"embeddable":true,"href":"https:\/\/colloques.uqac.ca\/dd\/wp-json\/wp\/v2\/comments?post=8000010"}],"version-history":[{"count":7,"href":"https:\/\/colloques.uqac.ca\/dd\/wp-json\/wp\/v2\/pages\/8000010\/revisions"}],"predecessor-version":[{"id":8000329,"href":"https:\/\/colloques.uqac.ca\/dd\/wp-json\/wp\/v2\/pages\/8000010\/revisions\/8000329"}],"wp:attachment":[{"href":"https:\/\/colloques.uqac.ca\/dd\/wp-json\/wp\/v2\/media?parent=8000010"}],"curies":[{"name":"wp","href":"https:\/\/api.w.org\/{rel}","templated":true}]}}