{"id":7,"date":"2013-09-10T18:41:15","date_gmt":"2013-09-10T18:41:15","guid":{"rendered":"http:\/\/colloques.uqac.ca\/modelecolloque\/?page_id=7"},"modified":"2024-10-14T10:20:07","modified_gmt":"2024-10-14T15:20:07","slug":"accueil","status":"publish","type":"page","link":"https:\/\/colloques.uqac.ca\/dd\/","title":{"rendered":"Accueil"},"content":{"rendered":"<h1>Compte \u00e0 rebours<\/h1>\n<p>Le compte \u00e0 rebours pour l&rsquo;ouverture du congr\u00e8s \u00ab\u00a0Progr\u00e8s en d\u00e9veloppement durable\u00a0\u00bb est commenc\u00e9. Le titre de cette premi\u00e8re \u00e9dition est \u00ab\u00a0la science et le g\u00e9nie au service de la transition \u00e9cologique et \u00e9nerg\u00e9tique\u00a0\u00bb. Vous avez \u00e9t\u00e9 nombreux \u00e0 r\u00e9pondre \u00e0 l&rsquo;appel et <a href=\"https:\/\/colloques.uqac.ca\/dd\/comite-organisateur\/\">nous<\/a> ferons de notre mieux que ce congr\u00e8s soit profitable pour tous et pour toutes. Voici quelques informations en vrac:<\/p>\n<h2>H\u00f4te<\/h2>\n<h6>Congr\u00e8s<\/h6>\n<p>L&rsquo;information la plus importante \u00e0 retenir est que le congr\u00e8s se tient \u00e0 l&rsquo;<a href=\"https:\/\/www.google.com\/maps\/search\/?api=1&amp;query=Hotel+La+Saguen\u00e9enne\">h\u00f4tel La Saguen\u00e9enne sur la rue des Saguen\u00e9ens, \u00e0 Saguenay<\/a>. Des chambres sont encore disponibles l\u00e0-bas, n&rsquo;oubliez pas de pr\u00e9ciser que vous venez pour le congr\u00e8s. Des places de stationnements sont disponibles autour de l&rsquo;\u00e9difice et \u00e0 l&rsquo;arri\u00e8re du commerce voisin (Gagnon-Fr\u00e8res).<\/p>\n<p><a href=\"https:\/\/colloques.uqac.ca\/dd\/files\/2024\/10\/plan_stationnements.jpg\"><img loading=\"lazy\" decoding=\"async\" class=\"aligncenter size-medium wp-image-8000546\" src=\"https:\/\/colloques.uqac.ca\/dd\/files\/2024\/10\/plan_stationnements-300x228.jpg\" alt=\"\" width=\"300\" height=\"228\" srcset=\"https:\/\/colloques.uqac.ca\/dd\/files\/2024\/10\/plan_stationnements-300x228.jpg 300w, https:\/\/colloques.uqac.ca\/dd\/files\/2024\/10\/plan_stationnements-1024x777.jpg 1024w, https:\/\/colloques.uqac.ca\/dd\/files\/2024\/10\/plan_stationnements-768x583.jpg 768w, https:\/\/colloques.uqac.ca\/dd\/files\/2024\/10\/plan_stationnements-1536x1166.jpg 1536w, https:\/\/colloques.uqac.ca\/dd\/files\/2024\/10\/plan_stationnements.jpg 1781w\" sizes=\"(max-width: 300px) 100vw, 300px\" \/><\/a><\/p>\n<p>En dehors des heures d&rsquo;ouverture de ce commerce, soit de 19h00 jusqu&rsquo;\u00e0 9h30 le lendemain), il sera aussi possible de se stationner dans les places en jaunes.<\/p>\n<h6>Souper du 17 octobre<\/h6>\n<p>Un souper sera offert \u00e0 tous les congressistes. Pour l&rsquo;occasion, nous devrons nous rendre \u00e0 l&rsquo;<a href=\"https:\/\/www.google.com\/maps\/search\/?api=1&amp;query=Hotel+Le+Montagnais+Saguenay\">h\u00f4tel Le Montagnais<\/a>, situ\u00e9 \u00e0 ~ 1,2 km du site de l&rsquo;\u00e9v\u00e8nement (voir la <a href=\"https:\/\/colloques.uqac.ca\/dd\/files\/2024\/09\/plan.png\">carte<\/a>). Un repas v\u00e9g\u00e9tarien 4 services vous sera offert.<\/p>\n<h2>Enregistrement<\/h2>\n<p>Une s\u00e9ance de pr\u00e9enregistrement sera accessible la veille du congr\u00e8s, soit le mardi 15 octobre, de 13h \u00e0 17h. Exceptionnellement, la table d&rsquo;accueil sera au Salon Vert de l&rsquo;UQAC (pavillon principal) pour l&rsquo;occasion. Vous pourrez \u00e9galement nous confier vos affiches et nous nous occuperons de les accrocher pour vous durant la soir\u00e9e.<\/p>\n<h2>Programme<\/h2>\n<p>Le programme officiel est disponible en cliquant sur ce <a href=\"https:\/\/colloques.uqac.ca\/dd\/files\/2024\/10\/Prog_Complet_85-11.pdf\">lien<\/a>. Pendant le congr\u00e8s, des codes QR seront visibles \u00e0 plusieurs endroits pour t\u00e9l\u00e9charger le <a href=\"https:\/\/colloques.uqac.ca\/dd\/files\/2024\/10\/Prog_Complet_85-11.pdf\">programme<\/a> et le <a href=\"https:\/\/colloques.uqac.ca\/dd\/files\/2024\/10\/cahier_congres.pdf\">cahier du congr\u00e8s<\/a>.<\/p>\n<h2>Journ\u00e9e \u00e9tudiante du REGAL<\/h2>\n<p>Pour cette premi\u00e8re \u00e9dition, nous nous sommes associ\u00e9s au Regroupement Aluminium (REGAL) pour l&rsquo;organisation de la 21<sup>e<\/sup> <a href=\"https:\/\/regal-aluminium.ca\/journee-etudiante-du-regal\/\">Journ\u00e9e \u00e9tudiante du REGAL (JER)<\/a>.<\/p>\n<h2>Concours d&rsquo;excellence<\/h2>\n<p>En tout, quatre concours d&rsquo;excellence sont organis\u00e9s:<\/p>\n<h6>Concours des affiches de la JER<\/h6>\n<p>L&rsquo;ensemble des affiches des \u00e9tudiants et \u00e9tudiantes membres du REGAL seront \u00e9valu\u00e9es via la plateforme Fourwaves. La pr\u00e9sentation orale (5 minutes) sera jug\u00e9e lors de la journ\u00e9e du 17 octobre (consultez le programme).<\/p>\n<h6>Concours des affiches du congr\u00e8s Progr\u00e8s en d\u00e9veloppement durable<\/h6>\n<p>Toutes les autres personnes \u00e9tudiantes, celles qui ne sont pas membres du REGAL, et qui ont d\u00e9pos\u00e9 leur affiche sur la plate-forme Fourwaves, seront \u00e9valu\u00e9es dans une premi\u00e8re phase afin de s\u00e9lectionner les 15 meilleures. Ces 15 personnes seront ensuite \u00e9valu\u00e9es lors de la journ\u00e9e du 17 octobre pour d\u00e9terminer les gagnants ou les gagnantes.<\/p>\n<h6>Concours des pr\u00e9sentations orales de la JER;<\/h6>\n<p><span data-teams=\"true\"><span class=\"ui-provider a b c d e f g h i j k l m n o p q r s t u v w x y z ab ac ae af ag ah ai aj ak\" dir=\"ltr\">Dans le cadre de la Journ\u00e9e \u00e9tudiante du REGAL, chaque institution participante du regroupement strat\u00e9gique est invit\u00e9e \u00e0 d\u00e9signer une \u00e9tudiante ou un \u00e9tudiant qui pr\u00e9sentera une partie de ses travaux de recherche. Ce concours se tiendra le 17 octobre, avec 6 universit\u00e9s \u00a0participantes pour cette 21e \u00e9dition de la JER.<\/span><\/span><\/p>\n<h6>Concours des pr\u00e9sentations orales du congr\u00e8s Progr\u00e8s en d\u00e9veloppement durable.<\/h6>\n<p>Toutes les autres pr\u00e9sentations orales \u00e9tudiantes seront \u00e9valu\u00e9es par les chercheurs et chercheuses pr\u00e9sents \u00e0 l&rsquo;\u00e9v\u00e8nement afin de d\u00e9terminer les meilleures performances.<\/p>\n<h2>D\u00e9veloppement durable<\/h2>\n<p>C&rsquo;est la raison d&rsquo;\u00eatre du congr\u00e8s. Voyez <a href=\"https:\/\/colloques.uqac.ca\/dd\/ecoresponsabilite\/\">les efforts<\/a> qui ont \u00e9t\u00e9 d\u00e9ploy\u00e9s pour r\u00e9duire l&rsquo;impact environnemental d&rsquo;une telle organisation.<\/p>\n<p><a href=\"https:\/\/colloques.uqac.ca\/dd\/files\/2024\/09\/RETREC-156_ICI-ON-TRIE-Publication_rev2024.png\"><img loading=\"lazy\" decoding=\"async\" class=\"alignleft wp-image-8000328\" src=\"https:\/\/colloques.uqac.ca\/dd\/files\/2024\/09\/RETREC-156_ICI-ON-TRIE-Publication_rev2024-150x150.png\" alt=\"\" width=\"100\" height=\"100\" srcset=\"https:\/\/colloques.uqac.ca\/dd\/files\/2024\/09\/RETREC-156_ICI-ON-TRIE-Publication_rev2024-150x150.png 150w, https:\/\/colloques.uqac.ca\/dd\/files\/2024\/09\/RETREC-156_ICI-ON-TRIE-Publication_rev2024-300x300.png 300w, https:\/\/colloques.uqac.ca\/dd\/files\/2024\/09\/RETREC-156_ICI-ON-TRIE-Publication_rev2024-1024x1024.png 1024w, https:\/\/colloques.uqac.ca\/dd\/files\/2024\/09\/RETREC-156_ICI-ON-TRIE-Publication_rev2024-768x768.png 768w, https:\/\/colloques.uqac.ca\/dd\/files\/2024\/09\/RETREC-156_ICI-ON-TRIE-Publication_rev2024-100x100.png 100w, https:\/\/colloques.uqac.ca\/dd\/files\/2024\/09\/RETREC-156_ICI-ON-TRIE-Publication_rev2024.png 1080w\" sizes=\"(max-width: 100px) 100vw, 100px\" \/><\/a> <a href=\"https:\/\/colloques.uqac.ca\/dd\/files\/2024\/08\/Bouteille_1080x1080_FR_contour.png\"><img loading=\"lazy\" decoding=\"async\" class=\"alignleft wp-image-8000013\" src=\"https:\/\/colloques.uqac.ca\/dd\/files\/2024\/08\/Bouteille_1080x1080_FR_contour-150x150.png\" alt=\"\" width=\"100\" height=\"100\" srcset=\"https:\/\/colloques.uqac.ca\/dd\/files\/2024\/08\/Bouteille_1080x1080_FR_contour-150x150.png 150w, https:\/\/colloques.uqac.ca\/dd\/files\/2024\/08\/Bouteille_1080x1080_FR_contour-300x300.png 300w, https:\/\/colloques.uqac.ca\/dd\/files\/2024\/08\/Bouteille_1080x1080_FR_contour-1024x1024.png 1024w, https:\/\/colloques.uqac.ca\/dd\/files\/2024\/08\/Bouteille_1080x1080_FR_contour-768x768.png 768w, https:\/\/colloques.uqac.ca\/dd\/files\/2024\/08\/Bouteille_1080x1080_FR_contour-100x100.png 100w, https:\/\/colloques.uqac.ca\/dd\/files\/2024\/08\/Bouteille_1080x1080_FR_contour.png 1200w\" sizes=\"(max-width: 100px) 100vw, 100px\" \/><\/a> <a href=\"https:\/\/colloques.uqac.ca\/dd\/files\/2024\/08\/RECYC_compost_1080x1080.jpg\"><img loading=\"lazy\" decoding=\"async\" class=\"alignleft wp-image-8000012\" src=\"https:\/\/colloques.uqac.ca\/dd\/files\/2024\/08\/RECYC_compost_1080x1080-150x150.jpg\" alt=\"\" width=\"100\" height=\"100\" srcset=\"https:\/\/colloques.uqac.ca\/dd\/files\/2024\/08\/RECYC_compost_1080x1080-150x150.jpg 150w, https:\/\/colloques.uqac.ca\/dd\/files\/2024\/08\/RECYC_compost_1080x1080-300x300.jpg 300w, https:\/\/colloques.uqac.ca\/dd\/files\/2024\/08\/RECYC_compost_1080x1080-1024x1024.jpg 1024w, https:\/\/colloques.uqac.ca\/dd\/files\/2024\/08\/RECYC_compost_1080x1080-768x768.jpg 768w, https:\/\/colloques.uqac.ca\/dd\/files\/2024\/08\/RECYC_compost_1080x1080-100x100.jpg 100w, https:\/\/colloques.uqac.ca\/dd\/files\/2024\/08\/RECYC_compost_1080x1080.jpg 1200w\" sizes=\"(max-width: 100px) 100vw, 100px\" \/><\/a><\/p>\n<h1 style=\"text-align: left\">Partenaires<\/h1>\n<p>Nous remercions chaleureusement tous les partenaires financiers de ce congr\u00e8s.<\/p>\n<table style=\"border-style: hidden;border-collapse: collapse\" cellspacing=\"0\" cellpadding=\"0\">\n<tbody>\n<tr>\n<td style=\"border-style: hidden;vertical-align: middle\">\n<p style=\"text-align: center\"><a href=\"https:\/\/www.riotinto.com\/fr-CA\/can\/\"><img decoding=\"async\" class=\"alignnone wp-image-123\" src=\"https:\/\/colloques.uqac.ca\/dd\/files\/2023\/10\/Sans-titre-300x89.png\" alt=\"\" width=\"300\" srcset=\"https:\/\/colloques.uqac.ca\/dd\/files\/2023\/10\/Sans-titre-300x89.png 300w, https:\/\/colloques.uqac.ca\/dd\/files\/2023\/10\/Sans-titre.png 460w\" sizes=\"(max-width: 300px) 100vw, 300px\" \/><\/a><\/p>\n<\/td>\n<td style=\"border-style: hidden;vertical-align: middle\">\n<p style=\"text-align: center\"><a href=\"https:\/\/www.uqac.ca\/\"><img decoding=\"async\" class=\"alignnone wp-image-171\" src=\"https:\/\/colloques.uqac.ca\/dd\/files\/2013\/09\/Sans-titre4-300x180.png\" alt=\"\" width=\"300\" srcset=\"https:\/\/colloques.uqac.ca\/dd\/files\/2013\/09\/Sans-titre4-300x180.png 300w, https:\/\/colloques.uqac.ca\/dd\/files\/2013\/09\/Sans-titre4.png 502w\" sizes=\"(max-width: 300px) 100vw, 300px\" \/><\/a><\/p>\n<\/td>\n<\/tr>\n<tr>\n<td style=\"border-style: hidden;vertical-align: middle\">\n<p style=\"text-align: center\"><a href=\"https:\/\/regal-aluminium.ca\/\"><img decoding=\"async\" class=\"alignnone wp-image-121\" src=\"https:\/\/colloques.uqac.ca\/dd\/files\/2024\/08\/REGAL.png\" alt=\"\" width=\"300\" \/><\/a><\/p>\n<\/td>\n<td style=\"border-style: hidden;vertical-align: middle\">\n<p style=\"text-align: center\"><a href=\"https:\/\/creb-uqac.ca\/\"><img decoding=\"async\" class=\"alignnone wp-image-369\" src=\"https:\/\/colloques.uqac.ca\/dd\/files\/2024\/02\/logo-creb-a22-coul-300x85.png\" alt=\"\" width=\"300\" \/><\/a><\/p>\n<\/td>\n<\/tr>\n<tr>\n<td style=\"border-style: hidden;vertical-align: middle\">\n<p style=\"text-align: center\"><a href=\"https:\/\/www.magrispm.com\/niobec\"><img decoding=\"async\" class=\"alignnone wp-image-121\" src=\"https:\/\/colloques.uqac.ca\/dd\/files\/2013\/09\/exp_logo_4640_fr_2021_12_02_16_15_59.png\" alt=\"\" width=\"300\" \/><\/a><\/p>\n<\/td>\n<td style=\"border-style: hidden;vertical-align: middle\">\n<p style=\"text-align: center\"><a href=\"https:\/\/cirodd.org\/\"><img decoding=\"async\" class=\"alignnone wp-image-347\" src=\"https:\/\/colloques.uqac.ca\/dd\/files\/2024\/02\/cirodd-logotype-300x175.png\" alt=\"\" width=\"300\" srcset=\"https:\/\/colloques.uqac.ca\/dd\/files\/2024\/02\/cirodd-logotype-300x175.png 300w, https:\/\/colloques.uqac.ca\/dd\/files\/2024\/02\/cirodd-logotype.png 653w\" sizes=\"(max-width: 300px) 100vw, 300px\" \/><\/a><\/p>\n<\/td>\n<\/tr>\n<tr>\n<td style=\"border-style: hidden;vertical-align: middle\">\n<p style=\"text-align: center\"><a href=\"https:\/\/promotion.saguenay.ca\/\"><img decoding=\"async\" class=\"alignnone wp-image-388\" src=\"https:\/\/colloques.uqac.ca\/dd\/files\/2024\/02\/logo_promotion_saguenay_coul-264x300.png\" alt=\"\" width=\"300\" srcset=\"https:\/\/colloques.uqac.ca\/dd\/files\/2024\/02\/logo_promotion_saguenay_coul-264x300.png 264w, https:\/\/colloques.uqac.ca\/dd\/files\/2024\/02\/logo_promotion_saguenay_coul.png 492w\" sizes=\"(max-width: 264px) 100vw, 264px\" \/><\/a><\/p>\n<\/td>\n<td style=\"border-style: hidden;vertical-align: middle\">\n<p style=\"text-align: center\"><a href=\"https:\/\/www.pfresolu.com\/\"><img decoding=\"async\" class=\"alignnone wp-image-349\" src=\"https:\/\/colloques.uqac.ca\/dd\/files\/2024\/04\/Capture-300x292.png\" alt=\"\" width=\"300\" \/><\/a><\/p>\n<\/td>\n<\/tr>\n<tr>\n<td style=\"border-style: hidden;vertical-align: middle\">\n<p style=\"text-align: center\"><a href=\"https:\/\/www.recyc-quebec.gouv.qc.ca\/\"><img decoding=\"async\" class=\"alignnone wp-image-349\" src=\"https:\/\/colloques.uqac.ca\/dd\/files\/2024\/08\/logo-recyc-quebec-couleur.png\" alt=\"\" width=\"300\" \/><\/a><\/p>\n<\/td>\n<td style=\"border-style: hidden;vertical-align: middle\">\n<p style=\"text-align: center\"><a href=\"https:\/\/cqrda.ca\/\"><img decoding=\"async\" class=\"alignnone wp-image-349\" src=\"https:\/\/colloques.uqac.ca\/dd\/files\/2024\/10\/cqrda.png\" alt=\"\" width=\"300\" \/><\/a><\/p>\n<\/td>\n<\/tr>\n<tr>\n<td style=\"border-style: hidden;vertical-align: middle\">\n<p style=\"text-align: center\"><a href=\"https:\/\/www.cegepjonquiere.ca\/\"><img decoding=\"async\" class=\"alignnone size-medium wp-image-365\" src=\"https:\/\/colloques.uqac.ca\/dd\/files\/2024\/02\/logoCEGEPJonq-300x57.png\" alt=\"\" width=\"300\" srcset=\"https:\/\/colloques.uqac.ca\/dd\/files\/2024\/02\/logoCEGEPJonq-300x57.png 300w, https:\/\/colloques.uqac.ca\/dd\/files\/2024\/02\/logoCEGEPJonq.png 600w\" sizes=\"(max-width: 300px) 100vw, 300px\" \/><\/a><\/p>\n<\/td>\n<td style=\"border-style: hidden;vertical-align: middle\">\n<p style=\"text-align: center\"><a href=\"https:\/\/www.axelys.ca\/\"><img decoding=\"async\" class=\"alignnone wp-image-349\" src=\"https:\/\/colloques.uqac.ca\/dd\/files\/2024\/08\/Axelyx_lg_CMYK.png\" alt=\"\" width=\"300\" \/><\/a><\/p>\n<\/td>\n<\/tr>\n<tr>\n<td style=\"border-style: hidden;vertical-align: middle\">\n<p style=\"text-align: center\"><a href=\"https:\/\/inrs.ca\/\"><img decoding=\"async\" class=\"alignnone wp-image-362\" src=\"https:\/\/colloques.uqac.ca\/dd\/files\/2024\/04\/INRS-logo-web-noir-horizontal-300x183.png\" alt=\"\" width=\"300\" \/><\/a><\/p>\n<\/td>\n<td style=\"border-style: hidden;vertical-align: middle\">\n<p style=\"text-align: center\"><a href=\"https:\/\/rrecq.ca\/\"><img decoding=\"async\" class=\"alignnone wp-image-346\" src=\"https:\/\/colloques.uqac.ca\/dd\/files\/2024\/02\/logo-rrecq-300x140.png\" alt=\"\" width=\"300\" srcset=\"https:\/\/colloques.uqac.ca\/dd\/files\/2024\/02\/logo-rrecq-300x140.png 300w, https:\/\/colloques.uqac.ca\/dd\/files\/2024\/02\/logo-rrecq.png 605w\" sizes=\"(max-width: 300px) 100vw, 300px\" \/><\/a><\/p>\n<\/td>\n<\/tr>\n<tr>\n<td style=\"border-style: hidden;vertical-align: middle\">\n<p style=\"text-align: center\"><a href=\"https:\/\/www.cef-cfr.ca\/\"><img decoding=\"async\" class=\"alignnone wp-image-357\" src=\"https:\/\/colloques.uqac.ca\/dd\/files\/2024\/03\/logo_cef_francais_120x91.gif\" alt=\"\" width=\"300\" \/><\/a><\/p>\n<\/td>\n<td style=\"border-style: hidden;vertical-align: middle\">\n<p style=\"text-align: center\"><a href=\"http:\/\/cqmf-qcam.ca\/\"><img decoding=\"async\" class=\"alignnone wp-image-349\" src=\"https:\/\/colloques.uqac.ca\/dd\/files\/2024\/02\/logo-cqmf-1.png\" alt=\"\" width=\"300\" \/><\/a><\/p>\n<\/td>\n<\/tr>\n<tr>\n<td style=\"border-style: hidden;vertical-align: middle\">\n<p style=\"text-align: center\"><a href=\"https:\/\/www.sedac.ca\/\"><img decoding=\"async\" class=\"alignnone wp-image-388\" src=\"https:\/\/colloques.uqac.ca\/dd\/files\/2024\/08\/SEDAC-ENV.png\" alt=\"\" width=\"300\" \/><\/a><\/p>\n<\/td>\n<td style=\"border-style: hidden;vertical-align: middle\">\n<p style=\"text-align: center\"><a href=\"https:\/\/www.prima.ca\/\"><img decoding=\"async\" class=\"alignnone wp-image-388\" src=\"https:\/\/colloques.uqac.ca\/dd\/files\/2024\/04\/prima-quebec-300x89.png\" alt=\"\" width=\"300\" \/><\/a><\/p>\n<\/td>\n<\/tr>\n<tr>\n<td style=\"border-style: hidden;vertical-align: middle\">\n<p style=\"text-align: center\"><a href=\"https:\/\/mrnf.gouv.qc.ca\/\"><img decoding=\"async\" class=\"alignnone size-medium wp-image-365\" src=\"https:\/\/colloques.uqac.ca\/dd\/files\/2024\/10\/mrnf.png\" alt=\"\" width=\"300\" \/><\/a><\/p>\n<\/td>\n<td style=\"border-style: hidden;vertical-align: middle\">\n<p style=\"text-align: center\"><a href=\"https:\/\/www.ulaval.ca\/\"><img decoding=\"async\" class=\"aligncenter wp-image-172\" src=\"https:\/\/colloques.uqac.ca\/dd\/files\/2013\/09\/Sans-titre-300x131.png\" alt=\"\" width=\"300\" srcset=\"https:\/\/colloques.uqac.ca\/dd\/files\/2013\/09\/Sans-titre-300x131.png 300w, https:\/\/colloques.uqac.ca\/dd\/files\/2013\/09\/Sans-titre.png 525w\" sizes=\"(max-width: 300px) 100vw, 300px\" \/><\/a><\/p>\n<\/td>\n<\/tr>\n<tr>\n<td style=\"border-style: hidden;vertical-align: middle\">\n<p style=\"text-align: center\"><a href=\"https:\/\/www.uqar.ca\/\"><img decoding=\"async\" class=\"aligncenter wp-image-173\" src=\"https:\/\/colloques.uqac.ca\/dd\/files\/2024\/02\/uqar_logo_seul_rgb_bleu-uqar.png\" alt=\"\" width=\"300\" \/><\/a><\/p>\n<\/td>\n<td style=\"border-style: hidden;vertical-align: middle\">\n<p style=\"text-align: center\"><a href=\"https:\/\/www.usherbrooke.ca\/\"><img decoding=\"async\" class=\"alignnone wp-image-175\" src=\"https:\/\/colloques.uqac.ca\/dd\/files\/2013\/09\/Sans-titre2-300x150.png\" alt=\"\" width=\"300\" srcset=\"https:\/\/colloques.uqac.ca\/dd\/files\/2013\/09\/Sans-titre2-300x150.png 300w, https:\/\/colloques.uqac.ca\/dd\/files\/2013\/09\/Sans-titre2.png 627w\" sizes=\"(max-width: 300px) 100vw, 300px\" \/><\/a><\/p>\n<\/td>\n<\/tr>\n<tr>\n<td style=\"border-style: hidden;vertical-align: middle\">\n<p style=\"text-align: center\"><a href=\"https:\/\/www.uqat.ca\/\"><img decoding=\"async\" class=\"alignnone wp-image-358\" src=\"https:\/\/colloques.uqac.ca\/dd\/files\/2024\/02\/logo_UQAT-300x96.png\" alt=\"\" width=\"300\" srcset=\"https:\/\/colloques.uqac.ca\/dd\/files\/2024\/02\/logo_UQAT-300x96.png 300w, https:\/\/colloques.uqac.ca\/dd\/files\/2024\/02\/logo_UQAT.png 700w\" sizes=\"(max-width: 300px) 100vw, 300px\" \/><\/a><\/p>\n<\/td>\n<td style=\"border-style: hidden;vertical-align: middle\">\n<p style=\"text-align: center\"><a href=\"https:\/\/www.uqtr.ca\/index.shtml\"><img decoding=\"async\" class=\"alignnone size-medium wp-image-174\" src=\"https:\/\/colloques.uqac.ca\/dd\/files\/2013\/09\/Sans-titre3-300x141.png\" alt=\"\" width=\"300\" srcset=\"https:\/\/colloques.uqac.ca\/dd\/files\/2013\/09\/Sans-titre3-300x141.png 300w, https:\/\/colloques.uqac.ca\/dd\/files\/2013\/09\/Sans-titre3.png 643w\" sizes=\"(max-width: 300px) 100vw, 300px\" \/><\/a><\/p>\n<\/td>\n<\/tr>\n<tr>\n<td style=\"border-style: hidden;vertical-align: middle\">\n<p style=\"text-align: center\"><a href=\"https:\/\/uqam.ca\/\"><img decoding=\"async\" class=\"alignnone wp-image-359\" src=\"https:\/\/colloques.uqac.ca\/dd\/files\/2024\/02\/logo_UQAM-300x101.png\" alt=\"\" width=\"300\" srcset=\"https:\/\/colloques.uqac.ca\/dd\/files\/2024\/02\/logo_UQAM-300x101.png 300w, https:\/\/colloques.uqac.ca\/dd\/files\/2024\/02\/logo_UQAM.png 600w\" sizes=\"(max-width: 300px) 100vw, 300px\" \/><\/a><\/p>\n<\/td>\n<td style=\"border-style: hidden;vertical-align: middle\">\n<p style=\"text-align: center\"><a href=\"https:\/\/www.etsmtl.ca\/\"><img decoding=\"async\" class=\"alignnone wp-image-362\" src=\"https:\/\/colloques.uqac.ca\/dd\/files\/2024\/08\/Logo_ETS_TypoGrise_D_FR_1.png\" alt=\"\" width=\"300\" \/><\/a><\/p>\n<\/td>\n<\/tr>\n<tr>\n<td style=\"border-style: hidden;vertical-align: middle\">\n<p style=\"text-align: center\"><a href=\"https:\/\/uqo.ca\/\"><img decoding=\"async\" class=\"alignnone wp-image-362\" src=\"https:\/\/colloques.uqac.ca\/dd\/files\/2024\/08\/01_Gat_UQO_Complet_RGB300.jpg\" alt=\"\" width=\"300\" \/><\/a><\/p>\n<\/td>\n<td style=\"border-style: hidden\" colspan=\"2\">\n<p style=\"text-align: center\"><a href=\"https:\/\/www.obvsaguenay.org\/\"><img decoding=\"async\" class=\"alignnone wp-image-362\" src=\"https:\/\/colloques.uqac.ca\/wp-content\/uploads\/uqac\/logoOBV.png\" alt=\"\" width=\"300\" \/><\/a><\/p>\n<\/td>\n<\/tr>\n<\/tbody>\n<\/table>\n","protected":false},"excerpt":{"rendered":"<p>Compte \u00e0 rebours Le compte \u00e0 rebours pour l&rsquo;ouverture du congr\u00e8s \u00ab\u00a0Progr\u00e8s en d\u00e9veloppement durable\u00a0\u00bb est commenc\u00e9. Le titre de cette premi\u00e8re \u00e9dition est \u00ab\u00a0la science et le g\u00e9nie au service de la transition \u00e9cologique et \u00e9nerg\u00e9tique\u00a0\u00bb. Vous avez \u00e9t\u00e9 nombreux \u00e0 r\u00e9pondre \u00e0 l&rsquo;appel et nous ferons de notre mieux que ce congr\u00e8s soit &hellip; <a href=\"https:\/\/colloques.uqac.ca\/dd\/\" class=\"more-link\">Continuer la lecture de <span class=\"screen-reader-text\">Accueil<\/span>  <span class=\"meta-nav\">&rarr;<\/span><\/a><\/p>\n","protected":false},"author":5,"featured_media":0,"parent":0,"menu_order":0,"comment_status":"closed","ping_status":"closed","template":"","meta":{"footnotes":""},"_links":{"self":[{"href":"https:\/\/colloques.uqac.ca\/dd\/wp-json\/wp\/v2\/pages\/7"}],"collection":[{"href":"https:\/\/colloques.uqac.ca\/dd\/wp-json\/wp\/v2\/pages"}],"about":[{"href":"https:\/\/colloques.uqac.ca\/dd\/wp-json\/wp\/v2\/types\/page"}],"author":[{"embeddable":true,"href":"https:\/\/colloques.uqac.ca\/dd\/wp-json\/wp\/v2\/users\/5"}],"replies":[{"embeddable":true,"href":"https:\/\/colloques.uqac.ca\/dd\/wp-json\/wp\/v2\/comments?post=7"}],"version-history":[{"count":140,"href":"https:\/\/colloques.uqac.ca\/dd\/wp-json\/wp\/v2\/pages\/7\/revisions"}],"predecessor-version":[{"id":8000641,"href":"https:\/\/colloques.uqac.ca\/dd\/wp-json\/wp\/v2\/pages\/7\/revisions\/8000641"}],"wp:attachment":[{"href":"https:\/\/colloques.uqac.ca\/dd\/wp-json\/wp\/v2\/media?parent=7"}],"curies":[{"name":"wp","href":"https:\/\/api.w.org\/{rel}","templated":true}]}}