{"id":482,"date":"2024-02-17T20:36:06","date_gmt":"2024-02-18T01:36:06","guid":{"rendered":"https:\/\/colloques.uqac.ca\/dd\/?page_id=482"},"modified":"2024-10-10T19:27:38","modified_gmt":"2024-10-11T00:27:38","slug":"conferencieres-et-conferenciers-invites","status":"publish","type":"page","link":"https:\/\/colloques.uqac.ca\/dd\/conferencieres-et-conferenciers-invites\/","title":{"rendered":"Conf\u00e9renciers(-i\u00e8res) invit\u00e9(e)s"},"content":{"rendered":"<h4>Normand Mousseau<\/h4>\n<p style=\"text-align: justify\"><span style=\"color: #008000\">Universit\u00e9 de Montr\u00e9al<\/span><\/p>\n<p><a href=\"https:\/\/phys.umontreal.ca\/repertoire-departement\/professeurs\/professeur\/in\/in14441\/sg\/Normand%20Mousseau\/\"><img loading=\"lazy\" decoding=\"async\" class=\"alignnone size-medium wp-image-490\" src=\"https:\/\/colloques.uqac.ca\/dd\/files\/2024\/10\/Image2.jpg\" width=\"198\" height=\"294\" \/><\/a><\/p>\n<p style=\"text-align: justify\"><strong>Biographie:<\/strong> Normand Mousseau est professeur de physique \u00e0 l&rsquo;Universit\u00e9 de Montr\u00e9al, directeur scientifique de l&rsquo;<a href=\"https:\/\/iet.polymtl.ca\/\">l&rsquo;Institut de l&rsquo;\u00e9nergie Trottier<\/a>\u00a0\u00e0 Polytechnique Montr\u00e9al et directeur scientifique du\u00a0<a href=\"https:\/\/cme-emh.ca\">Carrefour de mod\u00e9lisation \u00e9nerg\u00e9tique<\/a>. Titulaire d&rsquo;un doctorat en physique de la Michigan State University, il a \u00e9t\u00e9 chercheur postdoctoral \u00e0 l&rsquo;Universit\u00e9 d&rsquo;Oxford et \u00e0 l&rsquo;Universit\u00e9 de Montr\u00e9al, puis chercheur invit\u00e9 \u00e0 la Delft Technische Universteit aux Pays-Bas. Apr\u00e8s trois ann\u00e9es comme professeur adjoint au d\u00e9partement de physique et d&rsquo;astronomie de la Ohio University, il a rejoint l&rsquo;Universit\u00e9 de Montr\u00e9al en 2001. Sp\u00e9cialiste de la mod\u00e9lisation des mat\u00e9riaux complexes, \u00a0avec plus de 200 articles \u00e0 son actif, il continue de mener le d\u00e9veloppement des m\u00e9thodes ART nouveau et ART cin\u00e9tique, dont les codes sont utilis\u00e9s par des dizaines de groupes \u00e0 tavers le monde. Depuis 2008, il travaille \u00e9galement sur les questions \u00e9nerg\u00e9tiques et des ressources naturelles. Il est l&rsquo;auteur de plusieurs livres sur ces sujets, dont \u00ab Le d\u00e9fi des ressources mini\u00e8res\u00bb (2012) et \u00ab Gagner la guerre du climat. Douze mythes \u00e0 d\u00e9boulonner \u00bb sorti en 2017 aux \u00c9ditions du Bor\u00e9al. Il est le directeur-fondateur de Calcul Qu\u00e9bec (2010-2013). En 2013, il a copr\u00e9sid\u00e9 la Commission sur les enjeux \u00e9nerg\u00e9tiques du Qu\u00e9bec, dont le rapport, \u00ab Ma\u00eetriser notre avenir \u00e9nerg\u00e9tique \u00bb, fut publi\u00e9 en 2014. En 2017-2018, il a men\u00e9 le projet \u00ab Le climat, l&rsquo;\u00c9tat et nous \u00bb, visant \u00e0 proposer une gouvernance environnementale pour le Qu\u00e9bec, en collaboration avec 22 universitaires qu\u00e9b\u00e9cois. Il a particip\u00e9 \u00e0 la production de plusieurs rapports li\u00e9s aux enjeux \u00e9nerg\u00e9tiques et pilote la publication des \u00ab\u00a0<a href=\"https:\/\/iet.polymtl.ca\/perspectives-energetiques\/\">Perspectives \u00e9nerg\u00e9tiques canadiennes<\/a>\u00a0\u00bb, dont la troisi\u00e8me \u00e9dition est en cours de publication. Il est co-fondateur et conseiller principal \u00e0 la transition de l&rsquo;<a href=\"https:\/\/accelerateurdetransition.ca\">Acc\u00e9l\u00e9rateur de transition<\/a>\u00a0et membre fondateur du conseil d&rsquo;administration de l&rsquo;<a href=\"https:\/\/institutclimatique.ca\">Institut climatique du Canada<\/a>.\u00a0Il s&rsquo;int\u00e9resse de pr\u00e8s, \u00e9galement, aux \u00e9changes entre science et soci\u00e9t\u00e9. De 2011 \u00e0 2017, il a produit et anim\u00e9 l\u2019\u00e9mission de vulgarisation scientifique hebdomadaire \u00abLa Grande \u00c9quation\u00bb diffus\u00e9e sur les ondes de Radio VM ainsi que sur iTunes. Il a publi\u00e9, en 2016, aux \u00c9ditions du Bor\u00e9al, \u00abComment se d\u00e9barrasser du diab\u00e8te de type 2 sans chirurgie ni m\u00e9dicament\u00a0\u00bb. \u00a0Son plus r\u00e9cent livre, \u00ab Pand\u00e9mie, quand la raison tombe malade \u00bb, est paru chez le m\u00eame \u00e9diteur en novembre 2020.<\/p>\n<p style=\"text-align: justify\"><span style=\"color: #008000\"><strong>Conf\u00e9rence:<\/strong>\u00a0<span id=\"normandmousseau\" style=\"text-decoration: underline\">Tensions et alignement : la relation \u00e0 construire entre la transition \u00e9nerg\u00e9tique et le d\u00e9veloppement durable<\/span><\/span><br \/>\n<span style=\"color: #008000\">Tel que le montrent les r\u00e9sultats de la troisi\u00e8me \u00e9dition des Perspectives \u00e9nerg\u00e9tiques canadiennes de l&rsquo;Institut de l&rsquo;\u00e9nergie Trottier1, l&rsquo;atteinte des objectifs de carboneutralit\u00e9 s&rsquo;appuie sur (i) la d\u00e9carbonation des sources d\u2019\u00e9nergie ; (ii) une \u00e9lectrification massive des services \u00e9nerg\u00e9tiques ; (iii) l&rsquo;usage de l&rsquo;\u00e9lectricit\u00e9 pour appuyer la d\u00e9carbonation des proc\u00e9d\u00e9s industriels ; et (iv) le captage du CO2 et sa s\u00e9questration \u00e0 grande \u00e9chelle. Ces transformations s&rsquo;entrecroisent avec les quatre th\u00e8mes du Congr\u00e8s, offrant parfois un alignement \u00e9vident et, dans d&rsquo;autres cas, s&rsquo;inscrivant en opposition. Apr\u00e8s une pr\u00e9sentation des enjeux globaux de la transition \u00e9nerg\u00e9tique pour le Canada et le Qu\u00e9bec, je reviendrai sur ces relations entre les quatre th\u00e8mes du Congr\u00e8s et la transition \u00e9nerg\u00e9tique.<\/span><\/p>\n<p><span style=\"color: #008000\">1. Langlois-Bertrand, S., Mousseau, N., Vaillancourt, K., Bourque, M. 2024. <i>Trajectoires pour un Canada carboneutre \u2013 Horizon 2060.<\/i> Dans Langlois-Bertrand, S., Mousseau, N., Beaumier, L. (Dir.), <i>Perspectives e\u0301nerge\u0301tiques canadiennes 3e e\u0301dition<\/i>, Institut de l\u2019e\u0301nergie Trottier \u2013 Polytechnique Montre\u0301al. <a href=\"http:\/\/iet.polymtl.ca\/perspectives-energetiques\/\">http:\/\/iet.polymtl.ca\/perspectives-energetiques\/<\/a><\/span><\/p>\n<h4>Fr\u00e9d\u00e9ric-Georges Fontaine<\/h4>\n<p style=\"text-align: justify\"><span style=\"color: #008000\">Universit\u00e9 Laval<\/span><\/p>\n<p><a href=\"https:\/\/www.fsg.ulaval.ca\/departements\/professeurs\/frederic-georges-fontaine-403\"><img loading=\"lazy\" decoding=\"async\" class=\"alignnone size-full wp-image-462\" src=\"https:\/\/colloques.uqac.ca\/dd\/files\/2024\/02\/Image2.jpg\" alt=\"\" width=\"228\" height=\"210\" \/><\/a><\/p>\n<p style=\"text-align: justify\"><strong>Fr\u00e9d\u00e9ric-Georges Fontaine<\/strong>, un pionnier dans le domaine de la chimie durable, occupe le poste de professeur titulaire \u00e0 l&rsquo;Universit\u00e9 Laval,\u00a0 situ\u00e9e \u00e0 Qu\u00e9bec. Son impressionnante carri\u00e8re est jalonn\u00e9e d&rsquo;une \u00e9tape cl\u00e9, une bourse postdoctorale obtenue \u00e0 l&rsquo;Universit\u00e9 de Berkeley, qui l&rsquo;a men\u00e9 \u00e0 diriger une prestigieuse chaire de recherche canadienne en 2018. Passionn\u00e9 par la catalyse verte, il vise \u00e0 r\u00e9volutionner les standards chimiques vers l&rsquo;\u00e9cologie, favorisant des pratiques industrielles vertes. Concentr\u00e9 sur le d\u00e9veloppement de catalyseurs pour activer les mol\u00e9cules inertes, comme la conversion du CO2 en m\u00e9thanol, ses travaux sur la fonctionnalisation des liens C-H ont \u00e9t\u00e9 distingu\u00e9s par Qu\u00e9bec Science et Le Soleil en 2015. Expert en catalyse homog\u00e8ne et h\u00e9t\u00e9rog\u00e8ne, il pr\u00f4ne une chimie respectueuse de l&rsquo;environnement. Dirigeant le centre FONCER CIRCUIT et un programme sur le d\u00e9veloppement durable industriel \u00e0 l&rsquo;Universit\u00e9 Laval, il a re\u00e7u le prix Summa pour son impact \u00e9ducatif.<\/p>\n<p style=\"text-align: justify\"><span style=\"color: #008000\"><strong>Conf\u00e9rence:<\/strong>\u00a0<span id=\"fredericgeorgesfontainetitre\" style=\"text-decoration: underline\">Une approche verte et collaborative pour la valorisation du CO2 et la fonctionnalisation des liens C-H<\/span><\/span><br \/>\n<span style=\"color: #008000\">Le dioxyde de carbone, tout comme les liens C-H de mol\u00e9cules organiques, sont consid\u00e9r\u00e9s comme des esp\u00e8ces stables et difficiles \u00e0 fonctionnaliser. C\u2019est pourquoi des catalyseurs sont requis pour transformer ces mol\u00e9cules peu r\u00e9actives en produits d\u2019int\u00e9r\u00eat industriel. Alors que traditionnellement des catalyseurs m\u00e9talliques avec un impact environnemental important sont utilis\u00e9s pour effectuer ces transformations difficiles, nous nous int\u00e9ressons \u00e0 d\u00e9velopper des catalyseurs constitu\u00e9s d\u2019\u00e9l\u00e9ments abondants, peu polluants et peu dispendieux comme alternatives. Ces approches, souvent bas\u00e9es sur des effets collaboratifs entre des fonctions antagonistes, comme des acides et des bases, nous ont permis d\u2019acc\u00e9der \u00e0 plusieurs transformations in\u00e9dites, que ce soit pour la transformation du CO2 en mol\u00e9cules organiques d\u2019int\u00e9r\u00eat industriel, ou des h\u00e9t\u00e9rocycles azot\u00e9s, comme les pyroles et les indoles, en d\u00e9riv\u00e9s boryl\u00e9s. En plus d\u2019une discussion sur les approches et les innovations scientifiques qui ont \u00e9merg\u00e9 de ces travaux, cette pr\u00e9sentation mettra de l\u2019emphase sur les collaborations qui ont \u00e9merg\u00e9 avec ing\u00e9nieurs et industriels et les outils qui ont \u00e9t\u00e9 d\u00e9velopp\u00e9 pour favoriser la formation de personnes hautement qualifi\u00e9es.<\/span><\/p>\n<h4>Patricia Raymond<\/h4>\n<p style=\"text-align: justify\"><span style=\"color: #008000\">Minist\u00e8re des Ressources naturelles et des For\u00eats<\/span><\/p>\n<p><a href=\"https:\/\/www.cef-cfr.ca\/pmwiki.php?n=Membres.PatriciaRaymond\"><img loading=\"lazy\" decoding=\"async\" class=\"alignnone wp-image-485\" src=\"https:\/\/colloques.uqac.ca\/dd\/files\/2024\/02\/Image12.jpg\" alt=\"\" width=\"206\" height=\"250\" \/><\/a><\/p>\n<p style=\"text-align: justify\"><strong>Patricia Raymond<\/strong>, ing\u00e9nieure foresti\u00e8re et docteure, est en poste \u00e0 la direction de la recherche foresti\u00e8re du Minist\u00e8re des Ressources naturelles et des For\u00eats depuis 2002. Titulaire d&rsquo;un baccalaur\u00e9at, d&rsquo;une ma\u00eetrise et d&rsquo;un doctorat en sciences foresti\u00e8res de l&rsquo;Universit\u00e9 Laval, elle se consacre au d\u00e9veloppement de pratiques sylvicoles adapt\u00e9es \u00e0 la for\u00eat mixte temp\u00e9r\u00e9e. Son objectif est de pr\u00e9server la composition, la structure, et la diversit\u00e9 fonctionnelle des for\u00eats pour renforcer leur r\u00e9silience face aux changements climatiques. Elle explore \u00e9galement des sc\u00e9narios d&rsquo;adaptation sylvicole, y compris la migration assist\u00e9e des esp\u00e8ces arboricoles, pour r\u00e9pondre aux d\u00e9fis environnementaux actuels.<\/p>\n<p style=\"text-align: justify\"><span style=\"color: #008000\"><strong>Conf\u00e9rence:<\/strong>\u00a0<span id=\"patriciaraymondtitre\" style=\"text-decoration: underline\">Le g\u00e9nie forestier au service de l\u2019adaptation aux changements globaux : l\u2019exemple du projet DREAM<\/span><\/span><br \/>\n<span style=\"color: #008000\">Alors que la pratique du g\u00e9nie forestier est \u00e0 la crois\u00e9e des chemins \u00e0 cause des bouleversements actuels et de ceux anticip\u00e9s en lien avec les changements globaux, de nouvelles approches doivent \u00eatre test\u00e9es pour aider les for\u00eats \u00e0 s\u2019y adapter. C\u2019est le cas de la migration assist\u00e9e des populations et des esp\u00e8ces d\u2019arbres qui se trouve au c\u0153ur du projet canado-am\u00e9ricain DREAM \u00ab\u202fDesired REgeneration through Assisted Migration\u202f\u00bb. Depuis 2018, la Direction de la recherche foresti\u00e8re (MRNF) et ses partenaires d\u00e9ploient un r\u00e9seau de dispositifs exp\u00e9rimentaux dans plusieurs \u00e9cosyst\u00e8mes forestiers qu\u00e9b\u00e9cois pour tester la performance des plantations de migration assist\u00e9e en fonction de contraintes abiotiques (microclimat) et biotiques (herbivorie, concurrence v\u00e9g\u00e9tale). Cette conf\u00e9rence expliquera les bases scientifiques et techniques du projet, puis pr\u00e9sentera les r\u00e9sultats de 5 ans du premier dispositif implant\u00e9 en for\u00eat mixte temp\u00e9r\u00e9e, ainsi que les recommandations sylvicoles qui en d\u00e9coulent pour les ing\u00e9nieurs forestiers.<\/span><\/p>\n<h4>Karine Auclair<\/h4>\n<p style=\"text-align: justify\"><span style=\"color: #008000\">Universit\u00e9 McGill<\/span><\/p>\n<p><a href=\"https:\/\/www.mcgill.ca\/chemistry\/fr\/karine-auclair\"><img loading=\"lazy\" decoding=\"async\" class=\"alignnone wp-image-487\" src=\"https:\/\/colloques.uqac.ca\/dd\/files\/2024\/02\/Capture-3-226x300.jpg\" alt=\"\" width=\"207\" height=\"275\" srcset=\"https:\/\/colloques.uqac.ca\/dd\/files\/2024\/02\/Capture-3-226x300.jpg 226w, https:\/\/colloques.uqac.ca\/dd\/files\/2024\/02\/Capture-3.jpg 323w\" sizes=\"(max-width: 207px) 100vw, 207px\" \/><\/a><\/p>\n<p style=\"text-align: justify\"><strong>Karine Auclair<\/strong>, professeure au d\u00e9partement de chimie de l&rsquo;universit\u00e9 McGill, a enrichi sa carri\u00e8re acad\u00e9mique par des \u00e9tudes avanc\u00e9es sur les Diels-Alderases \u00e0 l&rsquo;Universit\u00e9 de l&rsquo;Alberta et des recherches postdoctorales sur les prot\u00e9ines h\u00e8mes \u00e0 l&rsquo;Universit\u00e9 de Californie \u00e0 San Francisco. Depuis son arriv\u00e9e \u00e0 McGill en 2002, elle a progress\u00e9 de professeure adjointe \u00e0 titulaire, marquant le paysage acad\u00e9mique par son implication dans l&rsquo;innovation au sein de Carbios, une entreprise leader en biorecyclage des plastiques. R\u00e9compens\u00e9e par plusieurs distinctions prestigieuses, dont la Chaire de recherche du Canada et le prix Clara Benson, Auclair est c\u00e9l\u00e8bre pour ses contributions en r\u00e9sistance aux antibiotiques et enzymologie. Sa renomm\u00e9e internationale est soutenue par d&rsquo;innombrables s\u00e9minaires, publications et brevets, faisant d&rsquo;elle une r\u00e9f\u00e9rence dans l&rsquo;\u00e9tude de la chimie bioorganique et de la gestion \u00e9cologique des plastiques.<\/p>\n<p style=\"text-align: justify\"><span style=\"color: #008000\"><strong>Conf\u00e9rence: <\/strong><span id=\"karineauclairtitre\" style=\"text-decoration: underline\">D\u00e9polymerization enzymatique des plastiques en milieux solides-humides\u202f: la m\u00e9canoenzymologie<\/span><\/span><br \/>\n<span style=\"color: #008000\">Les enzymes sont g\u00e9n\u00e9ralement manipul\u00e9es sous forme de solutions aqueuses dilu\u00e9es. De telles conditions divergent cependant de l\u2019environnement naturel des enzymes. Par exemple, il a \u00e9t\u00e9 d\u00e9montr\u00e9 que la cellule est un milieu tr\u00e8s dense, affichant une concentration mol\u00e9culaire totale estim\u00e9e \u00e0 ~400 mg\/mL, et offrant m\u00eame un environnement propice \u00e0 la formation transitoire de condensats biomol\u00e9culaires. De plus, de nombreuses enzymes (telles que les cellulases, les chitinases et les cutinases) sont s\u00e9cr\u00e9t\u00e9es par des microorganismes dans l\u2019environnement et agissent donc directement sur des surfaces expos\u00e9es \u00e0 l\u2019humidit\u00e9 de l\u2019air. De ce point de vue, nous avons envisag\u00e9 que plusieurs enzymes auraient pu \u00e9voluer pour fonctionner de mani\u00e8re optimale dans des m\u00e9langes solides-humides. Cela a conduit au d\u00e9veloppement d\u2019une m\u00e9thode novatrice, tr\u00e8s efficace de biocatalyse sans solvant aqueux. Ce proc\u00e9d\u00e9 comporte du brassage m\u00e9canique bref et intermittent (d\u2019o\u00f9 le nom de m\u00e9canoenzymologie), en alternance avec de longues p\u00e9riodes d&rsquo;incubation statique de ces m\u00e9langes r\u00e9actionnels solides-humides. Il est particuli\u00e8rement prometteur pour les substrats peu solubles et chimiquement r\u00e9calcitrants tels que la biomasse et les d\u00e9chets plastiques.<\/span><\/p>\n","protected":false},"excerpt":{"rendered":"<p>Normand Mousseau Universit\u00e9 de Montr\u00e9al Biographie: Normand Mousseau est professeur de physique \u00e0 l&rsquo;Universit\u00e9 de Montr\u00e9al, directeur scientifique de l&rsquo;l&rsquo;Institut de l&rsquo;\u00e9nergie Trottier\u00a0\u00e0 Polytechnique Montr\u00e9al et directeur scientifique du\u00a0Carrefour de mod\u00e9lisation \u00e9nerg\u00e9tique. Titulaire d&rsquo;un doctorat en physique de la Michigan State University, il a \u00e9t\u00e9 chercheur postdoctoral \u00e0 l&rsquo;Universit\u00e9 d&rsquo;Oxford et \u00e0 l&rsquo;Universit\u00e9 de Montr\u00e9al, &hellip; <a href=\"https:\/\/colloques.uqac.ca\/dd\/conferencieres-et-conferenciers-invites\/\" class=\"more-link\">Continuer la lecture de <span class=\"screen-reader-text\">Conf\u00e9renciers(-i\u00e8res) invit\u00e9(e)s<\/span>  <span class=\"meta-nav\">&rarr;<\/span><\/a><\/p>\n","protected":false},"author":77,"featured_media":0,"parent":0,"menu_order":0,"comment_status":"closed","ping_status":"closed","template":"","meta":{"footnotes":""},"_links":{"self":[{"href":"https:\/\/colloques.uqac.ca\/dd\/wp-json\/wp\/v2\/pages\/482"}],"collection":[{"href":"https:\/\/colloques.uqac.ca\/dd\/wp-json\/wp\/v2\/pages"}],"about":[{"href":"https:\/\/colloques.uqac.ca\/dd\/wp-json\/wp\/v2\/types\/page"}],"author":[{"embeddable":true,"href":"https:\/\/colloques.uqac.ca\/dd\/wp-json\/wp\/v2\/users\/77"}],"replies":[{"embeddable":true,"href":"https:\/\/colloques.uqac.ca\/dd\/wp-json\/wp\/v2\/comments?post=482"}],"version-history":[{"count":51,"href":"https:\/\/colloques.uqac.ca\/dd\/wp-json\/wp\/v2\/pages\/482\/revisions"}],"predecessor-version":[{"id":8000592,"href":"https:\/\/colloques.uqac.ca\/dd\/wp-json\/wp\/v2\/pages\/482\/revisions\/8000592"}],"wp:attachment":[{"href":"https:\/\/colloques.uqac.ca\/dd\/wp-json\/wp\/v2\/media?parent=482"}],"curies":[{"name":"wp","href":"https:\/\/api.w.org\/{rel}","templated":true}]}}