{"id":187,"date":"2023-11-20T14:19:23","date_gmt":"2023-11-20T19:19:23","guid":{"rendered":"http:\/\/colloques.uqac.ca\/dd\/?page_id=187"},"modified":"2024-09-17T10:08:03","modified_gmt":"2024-09-17T15:08:03","slug":"comite-organisateur","status":"publish","type":"page","link":"https:\/\/colloques.uqac.ca\/dd\/comite-organisateur\/","title":{"rendered":"Comit\u00e9 organisateur"},"content":{"rendered":"<h5><a href=\"https:\/\/colloques.uqac.ca\/dd\/files\/2013\/09\/ligne-noire.png\"><img loading=\"lazy\" decoding=\"async\" class=\"aligncenter wp-image-217 size-full\" src=\"https:\/\/colloques.uqac.ca\/dd\/files\/2013\/09\/ligne-noire.png\" alt=\"ligne noire\" width=\"1427\" height=\"12\" srcset=\"https:\/\/colloques.uqac.ca\/dd\/files\/2013\/09\/ligne-noire.png 1427w, https:\/\/colloques.uqac.ca\/dd\/files\/2013\/09\/ligne-noire-300x3.png 300w, https:\/\/colloques.uqac.ca\/dd\/files\/2013\/09\/ligne-noire-1024x9.png 1024w\" sizes=\"(max-width: 1427px) 100vw, 1427px\" \/><\/a><\/h5>\n<h5>Serge Lavoie, Ph. D.<\/h5>\n<p><a href=\"https:\/\/colloques.uqac.ca\/dd\/files\/2013\/09\/Serge-Lavoie-2.jpg\"><img loading=\"lazy\" decoding=\"async\" class=\"alignleft wp-image-159 size-thumbnail\" src=\"https:\/\/colloques.uqac.ca\/dd\/files\/2013\/09\/Serge-Lavoie-2-150x150.jpg\" alt=\"Serge Lavoie 2\" width=\"150\" height=\"150\" \/><\/a> <a href=\"https:\/\/www.uqac.ca\/portfolio\/sergelavoie\/\">Professeur au D\u00e9partement des sciences fondamentales de l&rsquo;UQAC<br \/>\n<\/a><a href=\"https:\/\/creb-uqac.ca\/recherches\/laboratoire-danalyse-et-de-separation-des-essences-vegetales-laseve\/\">Laboratoire d&rsquo;analyse et de s\u00e9paration des essences v\u00e9g\u00e9tales (LASEVE)<\/a><br \/>\n<a href=\"https:\/\/creb-uqac.ca\/equipes\/serge-lavoie\/\">Centre de recherche sur la bor\u00e9alie<br \/>\n<\/a><\/p>\n<h5><span style=\"color: #ffffff\">\u00a0L<\/span><\/h5>\n<h5>Patrick Faubert, Ph. D.<\/h5>\n<p><a href=\"https:\/\/colloques.uqac.ca\/dd\/files\/2013\/09\/Patrick-Faubert-3.jpg\"><img loading=\"lazy\" decoding=\"async\" class=\"alignleft wp-image-161 size-thumbnail\" src=\"https:\/\/colloques.uqac.ca\/dd\/files\/2013\/09\/Patrick-Faubert-3-150x150.jpg\" alt=\"Patrick Faubert 3\" width=\"150\" height=\"150\" \/><\/a> <a href=\"https:\/\/www.uqac.ca\/portfolio\/patrickfaubert\/\">Professeur au D\u00e9partement des sciences fondamentales de l&rsquo;UQAC<br \/>\n<\/a><a href=\"https:\/\/creb-uqac.ca\/recherches\/laboratoire-sur-les-ecosystemes-terrestres-boreaux-ecoter\/\">Laboratoire sur les \u00e9cosyst\u00e8mes terrestres bor\u00e9aux (EcoTer)<br \/>\n<\/a><a href=\"https:\/\/creb-uqac.ca\/equipes\/patrick-faubert\/\">Centre de recherche sur la bor\u00e9alie<br \/>\n<\/a><a href=\"https:\/\/creb-uqac.ca\/recherches\/chaire-de-recherche-en-eco-conseil\/\">Chaire de recherche en \u00e9co-conseil<br \/>\n<\/a><a href=\"https:\/\/creb-uqac.ca\/recherches\/carbone-boreal\/\">Carbone bor\u00e9al<\/a><\/p>\n<h5>Lukas Dion, Ph. D.<\/h5>\n<p><img loading=\"lazy\" decoding=\"async\" class=\"wp-image-529 alignleft\" src=\"https:\/\/colloques.uqac.ca\/wp-content\/uploads\/uqac\/grips-staillon-h23-03.jpg\" alt=\"\" width=\"145\" height=\"201\" \/><a href=\"https:\/\/www.uqac.ca\/portfolio\/lukasdion\/\">Professeur adjoint au D\u00e9partement des sciences appliqu\u00e9es de l&rsquo;UQAC<\/a><br \/>\n<a href=\"https:\/\/www.uqac.ca\/grips\/\">Co-coordonnateur du Groupe de Recherche en Ing\u00e9nierie des Proc\u00e9d\u00e9s et Syst\u00e8mes (GRIPS)<\/a><br \/>\n<a href=\"https:\/\/regal-aluminium.ca\/\">Coordonateur institutionnel de l&rsquo;UQAC pour le regroupement strat\u00e9gique REGAL.<\/a><\/p>\n<h5><span style=\"color: #ffffff\">L<br \/>\n<\/span>Tommy Perron,\u00a0M. Sc.<\/h5>\n<p><a href=\"https:\/\/colloques.uqac.ca\/dd\/files\/2023\/11\/Perron_Tommy_UQAC.jpg\"><img loading=\"lazy\" decoding=\"async\" class=\"alignleft wp-image-153 size-thumbnail\" src=\"https:\/\/colloques.uqac.ca\/dd\/files\/2023\/11\/Perron_Tommy_UQAC-150x150.jpg\" alt=\"Perron_Tommy_UQAC\" width=\"150\" height=\"150\" \/><\/a><br \/>\n<span style=\"color: #008000\">Responsable des laboratoires de chimie<\/span><br \/>\n<span style=\"color: #008000\">D\u00e9partement des sciences fondamentales de l&rsquo;UQAC<\/span><\/p>\n<p>&nbsp;<\/p>\n<p><span style=\"color: #ffffff\">L<\/span><\/p>\n<h5>Pascal Tremblay, M. Sc.<\/h5>\n<p><a href=\"https:\/\/colloques.uqac.ca\/dd\/files\/2013\/09\/Pascal-Tremblay-3.jpg\"><img loading=\"lazy\" decoding=\"async\" class=\"alignleft wp-image-163 size-thumbnail\" src=\"https:\/\/colloques.uqac.ca\/dd\/files\/2013\/09\/Pascal-Tremblay-3-150x150.jpg\" alt=\"Pascal Tremblay 3\" width=\"150\" height=\"150\" srcset=\"https:\/\/colloques.uqac.ca\/dd\/files\/2013\/09\/Pascal-Tremblay-3-150x150.jpg 150w, https:\/\/colloques.uqac.ca\/dd\/files\/2013\/09\/Pascal-Tremblay-3.jpg 304w\" sizes=\"(max-width: 150px) 100vw, 150px\" \/><\/a><br \/>\n<span style=\"color: #008000\">Responsable des laboratoires de biologie<\/span><br \/>\n<span style=\"color: #008000\">D\u00e9partement des sciences fondamentales de l&rsquo;UQAC<\/span><\/p>\n<p>&nbsp;<\/p>\n<h5><span style=\"color: #ffffff\">L<\/span><br \/>\nMarie Frissard, M. Sc.<\/h5>\n<p><a href=\"https:\/\/colloques.uqac.ca\/dd\/files\/2023\/11\/Marie2.jpg\"><img loading=\"lazy\" decoding=\"async\" class=\"alignleft wp-image-224 size-thumbnail\" src=\"https:\/\/colloques.uqac.ca\/dd\/files\/2023\/11\/Marie2-150x150.jpg\" alt=\"Marie2\" width=\"150\" height=\"150\" \/><\/a><br \/>\nDoctorante en\u00a0phytochimie\u00a0 \u00e0 l&rsquo;UQAC<br \/>\n<a href=\"https:\/\/creb-uqac.ca\/recherches\/laboratoire-danalyse-et-de-separation-des-essences-vegetales-laseve\/\">Laboratoire d&rsquo;analyse et de s\u00e9paration des essences v\u00e9g\u00e9tales (LASEVE)<br \/>\n<\/a><a href=\"https:\/\/creb-uqac.ca\/\">Centre de recherche sur la bor\u00e9alie<\/a><\/p>\n<p>&nbsp;<\/p>\n<h5>\u00a0St\u00e9phanie Cloutier, M. Sc.<\/h5>\n<p><img loading=\"lazy\" decoding=\"async\" class=\"alignleft wp-image-169 size-thumbnail\" src=\"https:\/\/colloques.uqac.ca\/dd\/files\/2013\/09\/rtgtbrb-150x150.jpg\" alt=\"rtgtbrb\" width=\"150\" height=\"150\" \/><br \/>\nDoctorante en biologie \u00e0 l&rsquo;UQAC<br \/>\n<a href=\"https:\/\/creb-uqac.ca\/recherches\/laboratoire-sur-les-ecosystemes-terrestres-boreaux-ecoter\/\">Laboratoire sur les \u00e9cosyst\u00e8mes terrestres bor\u00e9aux (EcoTer)<br \/>\n<\/a><a href=\"https:\/\/creb-uqac.ca\/\">Centre de recherche sur la bor\u00e9alie<\/a><\/p>\n<h5><span style=\"color: #ffffff\">L\u00a0<\/span><br \/>\n<span style=\"color: #ffffff\">L<\/span><br \/>\nRoberto Silvestro, Ph. D.<\/h5>\n<p><a href=\"https:\/\/colloques.uqac.ca\/dd\/files\/2024\/02\/Capture.jpg\"><img loading=\"lazy\" decoding=\"async\" class=\"wp-image-447 alignleft\" src=\"https:\/\/colloques.uqac.ca\/dd\/files\/2024\/02\/Capture-253x300.jpg\" alt=\"\" width=\"145\" height=\"172\" srcset=\"https:\/\/colloques.uqac.ca\/dd\/files\/2024\/02\/Capture-253x300.jpg 253w, https:\/\/colloques.uqac.ca\/dd\/files\/2024\/02\/Capture.jpg 421w\" sizes=\"(max-width: 145px) 100vw, 145px\" \/><\/a>Postdoctorant \u00e0 l&rsquo;UQAC<br \/>\n<a href=\"https:\/\/creb-uqac.ca\/recherches\/laboratoire-sur-les-ecosystemes-terrestres-boreaux-ecoter\/\">Laboratoire sur les \u00e9cosyst\u00e8mes terrestres bor\u00e9aux (EcoTer)<br \/>\n<\/a><a href=\"https:\/\/creb-uqac.ca\/\">Centre de recherche sur la bor\u00e9alie<br \/>\n<\/a><\/p>\n<p>&nbsp;<\/p>\n<p>&nbsp;<\/p>\n<h5>Annie Chamberland, M.Sc., MBA<\/h5>\n<p><img loading=\"lazy\" decoding=\"async\" class=\"wp-image-529 alignleft\" src=\"https:\/\/colloques.uqac.ca\/dd\/files\/2024\/02\/zzzzzzzzzzzzzzzzzzzzz-216x300.jpg\" alt=\"\" width=\"145\" height=\"201\" srcset=\"https:\/\/colloques.uqac.ca\/dd\/files\/2024\/02\/zzzzzzzzzzzzzzzzzzzzz-216x300.jpg 216w, https:\/\/colloques.uqac.ca\/dd\/files\/2024\/02\/zzzzzzzzzzzzzzzzzzzzz.jpg 603w\" sizes=\"(max-width: 145px) 100vw, 145px\" \/><a href=\"https:\/\/colloques.uqac.ca\/dd\/files\/2024\/02\/zzzzzzzzzzzzzzzzzzzzz.jpg\">Directrice r\u00e9gionale, Saguenay\u2013Lac-Saint-Jean, Axelys<\/a><\/p>\n<p><a href=\"https:\/\/www.axelys.ca\/a-propos\/equipe-partenariats-et-entrepreneuriat\/\" target=\"_blank\" rel=\"noopener\">Axelys<\/a><\/p>\n","protected":false},"excerpt":{"rendered":"<p>Serge Lavoie, Ph. D. Professeur au D\u00e9partement des sciences fondamentales de l&rsquo;UQAC Laboratoire d&rsquo;analyse et de s\u00e9paration des essences v\u00e9g\u00e9tales (LASEVE) Centre de recherche sur la bor\u00e9alie \u00a0L Patrick Faubert, Ph. D. Professeur au D\u00e9partement des sciences fondamentales de l&rsquo;UQAC Laboratoire sur les \u00e9cosyst\u00e8mes terrestres bor\u00e9aux (EcoTer) Centre de recherche sur la bor\u00e9alie Chaire de &hellip; <a href=\"https:\/\/colloques.uqac.ca\/dd\/comite-organisateur\/\" class=\"more-link\">Continuer la lecture de <span class=\"screen-reader-text\">Comit\u00e9 organisateur<\/span>  <span class=\"meta-nav\">&rarr;<\/span><\/a><\/p>\n","protected":false},"author":5,"featured_media":0,"parent":0,"menu_order":0,"comment_status":"open","ping_status":"open","template":"","meta":{"footnotes":""},"_links":{"self":[{"href":"https:\/\/colloques.uqac.ca\/dd\/wp-json\/wp\/v2\/pages\/187"}],"collection":[{"href":"https:\/\/colloques.uqac.ca\/dd\/wp-json\/wp\/v2\/pages"}],"about":[{"href":"https:\/\/colloques.uqac.ca\/dd\/wp-json\/wp\/v2\/types\/page"}],"author":[{"embeddable":true,"href":"https:\/\/colloques.uqac.ca\/dd\/wp-json\/wp\/v2\/users\/5"}],"replies":[{"embeddable":true,"href":"https:\/\/colloques.uqac.ca\/dd\/wp-json\/wp\/v2\/comments?post=187"}],"version-history":[{"count":17,"href":"https:\/\/colloques.uqac.ca\/dd\/wp-json\/wp\/v2\/pages\/187\/revisions"}],"predecessor-version":[{"id":8000248,"href":"https:\/\/colloques.uqac.ca\/dd\/wp-json\/wp\/v2\/pages\/187\/revisions\/8000248"}],"wp:attachment":[{"href":"https:\/\/colloques.uqac.ca\/dd\/wp-json\/wp\/v2\/media?parent=187"}],"curies":[{"name":"wp","href":"https:\/\/api.w.org\/{rel}","templated":true}]}}