{"id":13,"date":"2013-09-10T18:42:30","date_gmt":"2013-09-10T18:42:30","guid":{"rendered":"http:\/\/colloques.uqac.ca\/modelecolloque\/?page_id=13"},"modified":"2024-06-16T14:16:37","modified_gmt":"2024-06-16T19:16:37","slug":"comite","status":"publish","type":"page","link":"https:\/\/colloques.uqac.ca\/dd\/comite\/","title":{"rendered":"Comit\u00e9 scientifique"},"content":{"rendered":"<p><img loading=\"lazy\" decoding=\"async\" src=\"https:\/\/colloques.uqac.ca\/dd\/files\/2013\/09\/ligne-noire.png\" alt=\"\" width=\"1427\" height=\"12\" \/><\/p>\n<ul>\n<li><strong>Andr\u00e9 Pichette (<span style=\"color: #008000\">professeur\/UQAC<\/span>)<\/strong><\/li>\n<p><img decoding=\"async\" style=\"margin:20px 0px 20px 0px\" src=\"https:\/\/colloques.uqac.ca\/dd\/files\/2024\/02\/Image1.jpeg\" alt=\"\" width=\"175\" \/><\/p>\n<p style=\"text-align: justify\">Andr\u00e9 Pichette est un \u00e9minent professeur sp\u00e9cialis\u00e9 en chimie des produits naturels au sein du d\u00e9partement des sciences fondamentales de l\u2019UQAC. Il joue un r\u00f4le cl\u00e9 en tant que codirecteur du CREB, directeur du laboratoire LASEVE, et assume \u00e9galement les fonctions de professeur d\u00e9l\u00e9gu\u00e9 pour le d\u00e9veloppement du CRTVB. Son expertise s&rsquo;\u00e9tend \u00e0 l&rsquo;identification de compos\u00e9s bioactifs provenant de matrices complexes, au d\u00e9veloppement de m\u00e9thodes pour la production de mol\u00e9cules de grande valeur, et \u00e0 la synth\u00e8se d\u2019analogues de ces produits naturels afin d&rsquo;explorer les liens entre leur structure chimique et leur activit\u00e9 biologique.<\/p>\n<li><strong>Samaneh Shahgaldi (<span style=\"color: #008000\">professeure\/ UQTR<\/span>)<\/strong><\/li>\n<p><img decoding=\"async\" style=\"margin:20px 0px 20px 0px\" src=\"https:\/\/colloques.uqac.ca\/dd\/files\/2024\/02\/Image5.jpg\" alt=\"\" width=\"175\" \/><\/p>\n<p style=\"text-align: justify\">Samaneh Shahgaldi est professeure agr\u00e9g\u00e9e \u00e0 l&rsquo;Universit\u00e9 du Qu\u00e9bec et professeure agr\u00e9g\u00e9e adjointe \u00e0 l&rsquo;Universit\u00e9 de Waterloo. Elle est titulaire de la Chaire de recherche du Canada (CRC) sur les piles \u00e0 combustible et les \u00e9lectrolyseurs \u00e0 membrane \u00e9changeuse de protons (PEM). Elle est membre de l&rsquo;Institut d&rsquo;innovations en \u00e9comat\u00e9riaux, \u00e9coproduits et \u00e9co\u00e9nergie, bas\u00e9 sur la biomasse (I2E3) et de l&rsquo;Institut de recherche sur l&rsquo;hydrog\u00e8ne (HRI) de l&rsquo;Universit\u00e9 du Qu\u00e9bec \u00e0 Trois-Rivi\u00e8res (UQTR).<\/p>\n<li><strong>Jonathan Bernier (Conseiller\u00a0 P.\u00a0 R&amp;D <span style=\"color: #008000\">: CRDA &#8211; Rio Tinto<\/span>)<\/strong><\/li>\n<p><img decoding=\"async\" style=\"margin:20px 0px 20px 0px\" src=\"https:\/\/colloques.uqac.ca\/dd\/files\/2024\/02\/Capture-5.jpg\" alt=\"\" width=\"175\" \/><\/p>\n<p style=\"text-align: justify\">Jonathan Bernier s&rsquo;illustre actuellement en tant que conseiller principal en R&amp;D et gestionnaire du programme de recherche et d\u00e9veloppement sur l&rsquo;Environnement et les Changements Climatiques au Centre de Recherche et de D\u00e9veloppement d&rsquo;Arvida (CRDA) de Rio Tinto, division Aluminium, depuis 2021. Ce programme ambitieux englobe des initiatives telles que la d\u00e9carbonation des proc\u00e9d\u00e9s de production d&rsquo;aluminium, l&rsquo;application de phytotechnologies pour le traitement des effluents, et la valorisation des sous-produits de la production d&rsquo;aluminium. Avant d&#8217;embrasser ce r\u00f4le, il a consacr\u00e9 pr\u00e8s d&rsquo;une d\u00e9cennie au CRDA en tant que scientifique de recherche, o\u00f9 il s&rsquo;est sp\u00e9cialis\u00e9 dans le contr\u00f4le des \u00e9missions atmosph\u00e9riques et la qualit\u00e9 de l&rsquo;air, d\u00e9butant sa carri\u00e8re dans l&rsquo;organisation en 2011.<\/p>\n<li><strong>Reza Jafari (<span style=\"color: #008000\">professeur\/UQAC<\/span>)<\/strong><\/li>\n<p><img decoding=\"async\" style=\"margin:20px 0px 20px 0px\" src=\"https:\/\/colloques.uqac.ca\/dd\/files\/2024\/02\/Image7.jpg\" alt=\"\" width=\"175\" \/><\/p>\n<p style=\"text-align: justify\">Reza Jafari, professeur \u00e0 l\u2019Universit\u00e9 du Qu\u00e9bec \u00e0 Chicoutimi (UQAC), est reconnu pour son expertise dans les domaines des nanotechnologies, des mat\u00e9riaux composites et fonctionnels, ainsi que du g\u00e9nie de l\u2019environnement. Il excelle dans le d\u00e9veloppement de mat\u00e9riaux autonettoyants, glaciophobes, antibact\u00e9riens, autor\u00e9parants et anticorrosifs. De plus, il est directeur scientifique du volet de valorisation des r\u00e9sidus dans le cadre du partenariat RT-UQAC en technologies de traitement, bauxite et r\u00e9sidus. Dot\u00e9 d\u2019une ma\u00eetrise approfondie dans les composites et mat\u00e9riaux innovantes, faisant de lui un leader dans son domaine \u00e0 l\u2019UQAC.<\/p>\n<li><strong>Lucie\u00a0Coudert (<span style=\"color: #008000\">professeure \/UQAT<\/span>)<\/strong><\/li>\n<p><img decoding=\"async\" style=\"margin:20px 0px 20px 0px\" src=\"https:\/\/colloques.uqac.ca\/dd\/files\/2024\/02\/Capture-2.jpg\" alt=\"\" width=\"175\" \/><\/p>\n<p style=\"text-align: justify\">Lucie Coudert est professeure adjointe \u00e0 l\u2019Institut de recherche en mines et environnement (IRME) \u00e0 l\u2019Universit\u00e9 du Qu\u00e9bec en Abitibi-T\u00e9miscamingue (UQAT) depuis 2018. Titulaire de la Chaire de recherche de niveau 2 sur le retraitement des rejets miniers depuis 2019, ses travaux s\u2019orientent principalement sur le d\u00e9veloppement de proc\u00e9d\u00e9s (bio)hydrom\u00e9tallurgiques permettant de r\u00e9cup\u00e9rer les m\u00e9taux pr\u00e9cieux et certains MCS, pr\u00e9sents dans les rejets miniers et m\u00e9tallurgiques en vue de maximiser l\u2019exploitation des ressources min\u00e9rales.<\/p>\n<li><strong>V\u00e9ronic Landry (<span style=\"color: #008000\">professeure \/ U.\u00a0 Laval)<\/span><\/strong><\/li>\n<p><img decoding=\"async\" style=\"margin:20px 0px 20px 0px\" src=\"https:\/\/colloques.uqac.ca\/dd\/files\/2024\/05\/Capture.sdgdddgdJPG-281x300.jpg\" alt=\"\" width=\"175\" \/><\/p>\n<p style=\"text-align: justify\">V\u00e9ronic Landry est professeure titulaire au d\u00e9partement des sciences du bois et de la for\u00eat et directrice du Centre de recherche sur les mat\u00e9riaux renouvelables \u00e0 l\u2019Universit\u00e9 Laval. Elle se sp\u00e9cialise dans la protection du bois, par des approches de finition et de modification chimique du bois. Au cours des derni\u00e8res ann\u00e9es, elle a travaill\u00e9 au d\u00e9veloppement de rev\u00eatements \u00e0 faible impact environnemental (base d\u2019eau, photopolym\u00e9risables, biosourc\u00e9s) et fonctionnels (auto-r\u00e9parateurs, auto-stratifiants) pour les produits du bois d\u2019int\u00e9rieur et d\u2019ext\u00e9rieur. Elle a \u00e9galement r\u00e9alis\u00e9 diff\u00e9rents projets sur l\u2019impr\u00e9gnation et la modification chimique du bois afin d\u2019accro\u00eetre la duret\u00e9 et la stabilit\u00e9 dimensionnelle de ce mat\u00e9riau, de m\u00eame que sur la valorisation de la biomasse foresti\u00e8re.<\/p>\n<li><strong>Tarek Rouissi (<span style=\"color: #008000\">professeur \/ INRS)<\/span><\/strong><\/li>\n<p><img decoding=\"async\" style=\"margin:20px 0px 20px 0px\" src=\"https:\/\/colloques.uqac.ca\/dd\/files\/2024\/04\/dgdgdgdgd.png\" alt=\"\" width=\"175\" \/><\/p>\n<p style=\"text-align: justify\">\u00a0Le professeur Rouissi mettra \u00e0 la disposition de l\u2019INRS le cumul de ses exp\u00e9riences et s\u2019int\u00e9ressera dans ses futurs travaux au d\u00e9veloppement de nouveaux bioproc\u00e9d\u00e9s industriels qui permettront d\u2019optimiser les technologies de valorisation et conversion \u00e0 grande \u00e9chelle des r\u00e9sidus en produits de hautes valeurs ajout\u00e9es, notamment pour des applications en alimentation animale, en industries chimiques et pour la biorem\u00e9diation. Il portera \u00e9galement une attention particuli\u00e8re aux biotechnologies qui permettront de contribuer dans la r\u00e9duction des \u00e9missions des gaz \u00e0 effet de serre dans une perspective d\u2019\u00e9conomie circulaire, et qui peuvent contribuer dans la pr\u00e9servation de l\u2019environnement.<\/p>\n<li><strong>Mohamed Cheriet (<span style=\"color: #008000\">professeur \/ \u00c9TS-UQ<\/span>)<\/strong><\/li>\n<p><img decoding=\"async\" style=\"margin:20px 0px 20px 0px\" src=\"https:\/\/colloques.uqac.ca\/dd\/files\/2024\/02\/yyy.jpg\" alt=\"\" width=\"175\" \/><\/p>\n<p style=\"text-align: justify\">Mohamed Cheriet est professeur \u00e0 l&rsquo;\u00c9cole de technologie sup\u00e9rieure et un leader exp\u00e9riment\u00e9 dans la gestion d&rsquo;\u00e9quipes de recherche. Il dirige le laboratoire Synchromedia et d\u00e9tient la Chaire de recherche du Canada sur la durabilit\u00e9 \u00e9cologique d\u2019Eco-Cloud, mettant l&rsquo;accent sur l&rsquo;infonuagique et les technologies de l&rsquo;information et de la communication (TIC) vertes. Actif au sein du CIRODD, il joue un r\u00f4le cl\u00e9 dans l&rsquo;organisation, la gestion et l&rsquo;administration de ce regroupement. Avec plus de 300 publications dans des revues et conf\u00e9rences internationales prestigieuses, ainsi que plus de 30 conf\u00e9rences invit\u00e9es \u00e0 son actif, le professeur Cheriet est une figure \u00e9minente dans son domaine.<\/p>\n<li><strong>Mohamed Siaj (<span style=\"color: #008000\">professeur\/UQAM<\/span>)<\/strong><\/li>\n<p><img decoding=\"async\" style=\"margin:20px 0px 20px 0px\" src=\"https:\/\/colloques.uqac.ca\/dd\/files\/2024\/02\/Image8.jpg\" alt=\"\" width=\"175\" \/><\/p>\n<p style=\"text-align: justify\">Mohamed Siaj, \u00e9minent professeur \u00e0 l&rsquo;Universit\u00e9 du Qu\u00e9bec \u00e0 Montr\u00e9al, d\u00e9tient la Chaire de recherche du Canada ax\u00e9e sur les mat\u00e9riaux 2D \u00e9lectroactifs fonctionnels, ciblant les applications en d\u00e9tection biologique et chimique. Il est \u00e0 l&rsquo;avant-garde de la recherche sur les proc\u00e9d\u00e9s de synth\u00e8se am\u00e9lior\u00e9s pour ces mat\u00e9riaux novateurs. Dirigeant le CQMF et co-dirigeant NanoQAM, son expertise contribue de mani\u00e8re significative au progr\u00e8s dans le domaine des nanomat\u00e9riaux et de l&rsquo;\u00e9nergie. Sa position de leader soutient l&rsquo;avancement de la science des mat\u00e9riaux 2D, ouvrant de nouvelles voies pour la d\u00e9tection et l&rsquo;analyse biologique et chimique.<\/p>\n<li><strong>Romain Chesnaux (<span style=\"color: #008000\">professeur\/UQAC<\/span>)<\/strong><\/li>\n<p><img decoding=\"async\" style=\"margin:20px 0px 20px 0px\" src=\"https:\/\/colloques.uqac.ca\/dd\/files\/2024\/02\/Image9.jpg\" alt=\"\" width=\"175\" \/><\/p>\n<p style=\"text-align: justify\">Romain Chesnaux est un professeur au d\u00e9partement des Sciences appliqu\u00e9es de l&rsquo;UQAC, sp\u00e9cialis\u00e9 dans le g\u00e9nie de l&rsquo;eau, de l&rsquo;environnement et g\u00e9ologique. Ses recherches approfondies en hydrog\u00e9ologie physique le positionnent comme un expert dans l&rsquo;\u00e9tude du transport des contaminants et la restauration des sites contamin\u00e9s. Il se penche aussi sur l&rsquo;hydraulique des milieux non satur\u00e9s, jouant un r\u00f4le crucial dans l&rsquo;avancement des connaissances et des techniques de gestion des ressources en eau et dans la r\u00e9habilitation environnementale.<\/p>\n<li><strong>Soubaneh Youssouf Djibril (<span style=\"color: #008000\">professeur \/UQAR<\/span>)<\/strong><\/li>\n<p><img decoding=\"async\" style=\"margin:20px 0px 20px 0px\" src=\"https:\/\/colloques.uqac.ca\/dd\/files\/2024\/02\/Image10.jpg\" alt=\"\" width=\"175\" \/><\/p>\n<p style=\"text-align: justify\">YYoussouf Djibril Soubaneh, professeur en chimie de l\u2019environnement \u00e0 l\u2019UQAR, explore les effets des interactions de sorption sur le devenir des contaminants dans l\u2019environnement aquatique ainsi que les impacts des param\u00e8tres physicochimiques du milieu sur la disponibilit\u00e9 de ces polluants \u00e9mergents. Ses recherches se focalisent actuellement sur les potentiels des mat\u00e9riaux naturels ou biosourc\u00e9s et de leurs composites \u00e0 pi\u00e9ger les polluants dans l\u2019objectif de mieux prot\u00e9ger l\u2019environnement. Il s\u2019int\u00e9resse \u00e9galement aux effets des microplastiques sur les organismes marins. Par son travail, Soubaneh vise \u00e0 approfondir la compr\u00e9hension des menaces environnementales dans les milieux aquatiques, contribuant essentiellement \u00e0 la protection des \u00e9cosyst\u00e8mes marins contre la pollution.<\/p>\n<li><strong>Sergio Rossi <span style=\"color: #008000\">(professeur\/UQAC<\/span>)<\/strong><\/li>\n<p><img decoding=\"async\" style=\"margin:20px 0px 20px 0px\" src=\"https:\/\/colloques.uqac.ca\/dd\/files\/2024\/02\/Image11.jpg\" alt=\"\" width=\"175\" \/><\/p>\n<p style=\"text-align: justify\">Sergio Rossi, professeur \u00e0 l&rsquo;UQAC sp\u00e9cialis\u00e9 en \u00e9cologie foresti\u00e8re, dirige le laboratoire EcoTer. Son expertise couvre l&rsquo;impact des facteurs environnementaux sur les biomes terrestres et l&rsquo;\u00e9cosyst\u00e8me bor\u00e9al. Il se consacre \u00e0 la mod\u00e9lisation des r\u00e9ponses ph\u00e9nologiques des arbres face aux changements climatiques, visant \u00e0 informer les pratiques de gestion foresti\u00e8re durable. Reconnu pour son influence, Rossi se classe au 33e rang des \u00e9cologistes et \u00e9volutionnistes au Canada selon Research.com en 2023, affirmant sa place parmi les cent scientifiques les plus \u00e9minents du pays. Son travail contribue de mani\u00e8re significative \u00e0 la compr\u00e9hension et \u00e0 la pr\u00e9servation des \u00e9cosyst\u00e8mes forestiers dans un contexte de changement global.<\/p>\n<li><strong>Fr\u00e9d\u00e9ric G. Fontaine (<span style=\"color: #008000\">professeur \/U.\u00a0 Laval)<\/span><\/strong><\/li>\n<p><img decoding=\"async\" style=\"margin:20px 0px 20px 0px\" src=\"https:\/\/colloques.uqac.ca\/dd\/files\/2024\/02\/Image2.jpg\" alt=\"\" width=\"175\" \/><\/p>\n<p style=\"text-align: justify\">Fr\u00e9d\u00e9ric-Georges Fontaine, professeur \u00e0 l&rsquo;Universit\u00e9 Laval depuis 2004 et d\u00e9tenteur d&rsquo;une chaire de recherche canadienne de niveau 1 depuis 2018, se distingue par son d\u00e9vouement \u00e0 la catalyse verte et aux approches sans m\u00e9taux. Il ambitionne de transformer la chimie en une discipline \u00e9cologique en d\u00e9veloppant des catalyseurs pour activer des mol\u00e9cules autrement inertes, avec un int\u00e9r\u00eat particulier pour la conversion du CO2 en produits valorisables. Sa recherche int\u00e8gre de fa\u00e7on novatrice l&rsquo;utilisation de la silice et des mat\u00e9riaux carbon\u00e9s pour la conversion catalytique, positionnant Fontaine comme un pionnier dans l&rsquo;avancement d&rsquo;une chimie respectueuse de l&rsquo;environnement.<\/p>\n<li><strong>Arezki Tagnit-Hamou (<span style=\"color: #008000\">professeur \/ U. de Sherbrooke<\/span>)<\/strong><\/li>\n<p><img decoding=\"async\" style=\"margin:20px 0px 20px 0px\" src=\"https:\/\/colloques.uqac.ca\/dd\/files\/2024\/02\/Capture-1.jpg\" alt=\"\" width=\"175\" \/><\/p>\n<p style=\"text-align: justify\">Arezki Tagnit-Hamou, professeur \u00e9minent \u00e0 l&rsquo;Universit\u00e9 de Sherbrooke et directeur du CRIB-US, excelle dans le d\u00e9veloppement de b\u00e9tons \u00e9cologiques et la valorisation des d\u00e9chets industriels. Occupant la Chaire SAQ, il est un leader influent au sein de l&rsquo;ACI et d&rsquo;organismes internationaux, se consacrant \u00e0 l&rsquo;innovation des mat\u00e9riaux cimentaires pour une construction durable. Ses recherches visent \u00e0 r\u00e9volutionner l&rsquo;usage des b\u00e9tons non-traditionnels et \u00e0 promouvoir le recyclage, avec une reconnaissance notable de la SAQ pour ses avanc\u00e9es dans l&rsquo;int\u00e9gration du verre dans les mat\u00e9riaux de construction.<\/p>\n<li><strong>Pascal Sirois (<span style=\"color: #008000\">professeur\/UQAC<\/span>)<\/strong><\/li>\n<p><img decoding=\"async\" style=\"margin:20px 0px 20px 0px\" src=\"https:\/\/colloques.uqac.ca\/dd\/files\/2024\/02\/Image4.jpg\" alt=\"\" width=\"175\" \/><\/p>\n<p style=\"text-align: justify\">Pascal Sirois, professeur titulaire sp\u00e9cialis\u00e9 en \u00e9cologie des poissons et des p\u00eaches \u00e0 l&rsquo;UQAC, m\u00e8ne la Chaire de recherche sur les esp\u00e8ces aquatiques exploit\u00e9es. Il dirige \u00e9galement le Laboratoire de recherche sur l&rsquo;\u00e9cosyst\u00e8me unique du fjord du Saguenay. Actif au sein du comit\u00e9 ex\u00e9cutif du CREB, il excelle dans des domaines pointus tels que la scl\u00e9rochronologie et la scl\u00e9rochimie, en plus de se consacrer \u00e0 la gestion durable des ressources halieutiques. Sa carri\u00e8re illustre un d\u00e9vouement remarquable \u00e0 la conservation et \u00e0 l&rsquo;analyse des habitats aquatiques.<\/p>\n<li><strong>Lyne St-Georges (<span style=\"color: #008000\">professeure\/UQAC<\/span>)<\/strong><\/li>\n<p><img decoding=\"async\" style=\"margin:20px 0px 20px 0px\" src=\"https:\/\/www.uqac.ca\/portfolio\/lynestgeorges\/files\/2019\/04\/Lyne-St-Georges.jpg\" alt=\"\" width=\"175\" \/><\/p>\n<p style=\"text-align: justify\">Lyne St-Georges est professeure titulaire \u00e0 l&rsquo;UQAC, sp\u00e9cialis\u00e9e en g\u00e9nie m\u00e9canique. Ces int\u00e9r\u00eats de recherche gravitent autour de la conception de machine, de la caract\u00e9risation des mat\u00e9riaux et du d\u00e9veloppement des techniques de soudage par friction malaxage.<\/p>\n<li><strong>Duygu Kocaefe (<span style=\"color: #008000\">professeure\/UQAC<\/span>)<\/strong><\/li>\n<p><img decoding=\"async\" style=\"margin:20px 0px 20px 0px\" src=\"https:\/\/www.uqac.ca\/portfolio\/duygukocaefe\/files\/2019\/06\/Kocaefe.jpg\" alt=\"\" width=\"175\" \/><\/p>\n<p style=\"text-align: justify\">Duygu Kocaefe est professeure titulaire \u00e0 l&rsquo;UQAC et oeuvre dans le domaine du g\u00e9nie chimique. Titulaire de la Chaire institutionnelle sur les mat\u00e9riaux industriels (CHIMI) et responsable d&rsquo;un axe de recherche aupr\u00e8s du REGAL, elle dirige des travaux pour dynamiser les industries du bois et de l&rsquo;aluminium au Saguenay-Lac-Saint-Jean.<\/p>\n<\/ul>\n","protected":false},"excerpt":{"rendered":"<p>Andr\u00e9 Pichette (professeur\/UQAC) Andr\u00e9 Pichette est un \u00e9minent professeur sp\u00e9cialis\u00e9 en chimie des produits naturels au sein du d\u00e9partement des sciences fondamentales de l\u2019UQAC. Il joue un r\u00f4le cl\u00e9 en tant que codirecteur du CREB, directeur du laboratoire LASEVE, et assume \u00e9galement les fonctions de professeur d\u00e9l\u00e9gu\u00e9 pour le d\u00e9veloppement du CRTVB. Son expertise s&rsquo;\u00e9tend &hellip; <a href=\"https:\/\/colloques.uqac.ca\/dd\/comite\/\" class=\"more-link\">Continuer la lecture de <span class=\"screen-reader-text\">Comit\u00e9 scientifique<\/span>  <span class=\"meta-nav\">&rarr;<\/span><\/a><\/p>\n","protected":false},"author":5,"featured_media":0,"parent":0,"menu_order":0,"comment_status":"closed","ping_status":"closed","template":"","meta":{"footnotes":""},"_links":{"self":[{"href":"https:\/\/colloques.uqac.ca\/dd\/wp-json\/wp\/v2\/pages\/13"}],"collection":[{"href":"https:\/\/colloques.uqac.ca\/dd\/wp-json\/wp\/v2\/pages"}],"about":[{"href":"https:\/\/colloques.uqac.ca\/dd\/wp-json\/wp\/v2\/types\/page"}],"author":[{"embeddable":true,"href":"https:\/\/colloques.uqac.ca\/dd\/wp-json\/wp\/v2\/users\/5"}],"replies":[{"embeddable":true,"href":"https:\/\/colloques.uqac.ca\/dd\/wp-json\/wp\/v2\/comments?post=13"}],"version-history":[{"count":41,"href":"https:\/\/colloques.uqac.ca\/dd\/wp-json\/wp\/v2\/pages\/13\/revisions"}],"predecessor-version":[{"id":777,"href":"https:\/\/colloques.uqac.ca\/dd\/wp-json\/wp\/v2\/pages\/13\/revisions\/777"}],"wp:attachment":[{"href":"https:\/\/colloques.uqac.ca\/dd\/wp-json\/wp\/v2\/media?parent=13"}],"curies":[{"name":"wp","href":"https:\/\/api.w.org\/{rel}","templated":true}]}}