{"id":11,"date":"2013-09-10T18:42:10","date_gmt":"2013-09-10T18:42:10","guid":{"rendered":"http:\/\/colloques.uqac.ca\/modelecolloque\/?page_id=11"},"modified":"2024-09-23T16:20:35","modified_gmt":"2024-09-23T21:20:35","slug":"transport_hebergement","status":"publish","type":"page","link":"https:\/\/colloques.uqac.ca\/dd\/transport_hebergement\/","title":{"rendered":"Transport et h\u00e9bergement"},"content":{"rendered":"<p>Le congr\u00e8s est organis\u00e9 par l&rsquo;Universit\u00e9 du Qu\u00e9bec \u00e0 Chicoutimi et Rio Tinto. Cependant, les activit\u00e9s du congr\u00e8s se d\u00e9rouleront en majeure partie \u00e0 l&rsquo;<a href=\"https:\/\/maps.app.goo.gl\/HeKmCyiKQc7woCQp7\">h\u00f4tel la Saguen\u00e9enne<\/a>. Pour le souper du jeudi 17 octobre, nous nous rendrons \u00e0 l&rsquo;<a href=\"https:\/\/maps.app.goo.gl\/Gty1kCmbD3vZmMWEA\">hot\u00eal le Montagnais<\/a>, soit \u00e0 environ 1.2 km du site du congr\u00e8s. Le plan ci-dessous r\u00e9sume les diff\u00e9rents sites de l&rsquo;\u00e9v\u00e8nement.<\/p>\n<p><a href=\"https:\/\/colloques.uqac.ca\/dd\/files\/2024\/09\/plan.png\"><img loading=\"lazy\" decoding=\"async\" class=\"alignnone size-medium wp-image-8000330 aligncenter\" src=\"https:\/\/colloques.uqac.ca\/dd\/files\/2024\/09\/plan-273x300.png\" alt=\"\" width=\"273\" height=\"300\" \/><\/a><\/p>\n<h1>Pour vous rendre au Saguenay :<\/h1>\n<h2>En voiture<\/h2>\n<p>\u00c0 partir de Qu\u00e9bec, prendre l&rsquo;autoroute 73N, qui deviendra la 175N. Roulez 200 km et profitez du paysage!<\/p>\n<p>Un lien pour notre \u00e9v\u00e8nement a \u00e9t\u00e9 cr\u00e9\u00e9 sur la plateforme <a href=\"https:\/\/togetzer.com\/covoiturage-evenement\/mjay3t\">Togetzer<\/a>. Cet outil met en relation les conducteurs et les passagers qui se rendront au saguenay pour le congr\u00e8s. Une bonne fa\u00e7on de se faire des amis, d&rsquo;\u00e9conomiser des frais de transport et de r\u00e9duire notre empreinte carbone!<\/p>\n<h2>En autobus<\/h2>\n<p>L&rsquo;entreprise Intercar propose des navettes en autobus entre Montr\u00e9al, Qu\u00e9bec et Chicoutimi. Les d\u00e9parts sont quotidiens, vous trouverez l&rsquo;horaire des trajets \u00e0 cette <a href=\"https:\/\/intercar.ca\/fr\/horaires-et-trajets\">adresse<\/a>. Pour ceux ou celles qui vont choisir cette option, n&rsquo;oubliez pas d&rsquo;inscrire le code promotionnel \u00ab\u00a0<strong>UQAC2024<\/strong>\u00a0\u00bb afin de b\u00e9n\u00e9ficier d&rsquo;un rabais de 25% sur le prix de l&rsquo;aller-retour (pour connaitre la marche \u00e0 suivre du code promo, <a href=\"https:\/\/colloques.uqac.ca\/wp-content\/uploads\/uqac\/Proc%C3%A9dure%20code%20promo%20congr%C3%A8s%20Saguenay.pdf\">cliquez ici<\/a>).<\/p>\n<h2>Par avion<\/h2>\n<p>La seule liaison a\u00e9rienne avec Saguenay (ybg) est \u00e0 partir de Montr\u00e9al (yul). Un d\u00e9part par jour est propos\u00e9 par <a href=\"https:\/\/www.aircanada.com\/ca\/fr\/aco\/home.html\">Air Canada<\/a>.<\/p>\n<hr \/>\n<h1>H\u00f4tels \u00e0 proximit\u00e9<\/h1>\n<p>Les frais d&rsquo;inscription <strong>n&rsquo;incluent pas<\/strong> l&rsquo;h\u00e9bergement.<\/p>\n<hr \/>\n<h2 style=\"text-align: center\"><a href=\"https:\/\/www.lasagueneenne.com\/home\/\"><img loading=\"lazy\" decoding=\"async\" class=\"alignnone size-medium wp-image-375\" src=\"https:\/\/colloques.uqac.ca\/dd\/files\/2024\/02\/logo-lasagueneenne-full-color-300x111.png\" alt=\"\" width=\"300\" height=\"111\" srcset=\"https:\/\/colloques.uqac.ca\/dd\/files\/2024\/02\/logo-lasagueneenne-full-color-300x111.png 300w, https:\/\/colloques.uqac.ca\/dd\/files\/2024\/02\/logo-lasagueneenne-full-color.png 600w\" sizes=\"(max-width: 300px) 100vw, 300px\" \/><\/a><\/h2>\n<h2><strong>H\u00f4tel La Saguen\u00e9enne<\/strong><\/h2>\n<p><a href=\"https:\/\/www.google.com\/maps\/place\/Hotel+La+Saguen%C3%A9enne\/@48.4031513,-71.0660102,17z\/data=!3m1!4b1!4m10!3m9!1s0x4cc020d6a0d6b139:0x723500942cb2e122!5m3!1s2023-11-08!4m1!1i2!8m2!3d48.4031513!4d-71.0634353!16s%2Fg%2F1tf753ph?entry=ttu\">Pour s&rsquo;y rendre :<br \/>\n<\/a>H\u00f4tel La Saguen\u00e9enne<br \/>\n250, rue des Saguen\u00e9ens<br \/>\nChicoutimi (Qu\u00e9bec), G7H 3A4<\/p>\n<p>Pour r\u00e9server et b\u00e9n\u00e9ficier du tarif n\u00e9goci\u00e9 du congr\u00e8s, t\u00e9l\u00e9phonez \u00e0 la r\u00e9ception de l&rsquo;h\u00f4tel (+1-418-545-8326 ou sans frais au +1-800- 461-8390). Mentionnez le congr\u00e8s Progr\u00e8s en d\u00e9veloppement durable.<\/p>\n<hr \/>\n<p style=\"text-align: center\"><a href=\"https:\/\/lemontagnais.qc.ca\/\"><img loading=\"lazy\" decoding=\"async\" class=\"alignnone size-medium wp-image-379\" src=\"https:\/\/colloques.uqac.ca\/dd\/files\/2024\/02\/logo-le-montagnaispng-300x71.png\" alt=\"\" width=\"300\" height=\"71\" srcset=\"https:\/\/colloques.uqac.ca\/dd\/files\/2024\/02\/logo-le-montagnaispng-300x71.png 300w, https:\/\/colloques.uqac.ca\/dd\/files\/2024\/02\/logo-le-montagnaispng.png 450w\" sizes=\"(max-width: 300px) 100vw, 300px\" \/><\/a><\/p>\n<h2 style=\"text-align: center\"><strong>H\u00f4tel Le Montagnais<\/strong><\/h2>\n<p>L&rsquo;h\u00f4tel Le Montagnais est situ\u00e9 \u00e0 15 minutes \u00e0 pieds\u00a0ou \u00e0 10 minutes en transport en commun et vous offre des chambres \u00e0 un prix r\u00e9duit pour l&rsquo;\u00e9v\u00e8nement\u00a0!<\/p>\n<p>Pour r\u00e9servation, contactez la r\u00e9ception par t\u00e9l\u00e9phone en mentionnant notre \u00e9v\u00e8nement \u00ab\u00a0<em><strong>Progr\u00e8s en d\u00e9veloppement durable<\/strong>\u00ab\u00a0<\/em> et le code <span style=\"text-decoration: underline\"><strong>DEDU241016<\/strong><\/span> afin de profiter de l&rsquo;escompte sur le prix de votre chambre :<\/p>\n<p>Par t\u00e9l\u00e9phone : 1 (418) 543-1521<br \/>\nSans frais : 1 (800) 463-9160<\/p>\n<p><a href=\"https:\/\/www.google.com\/maps\/place\/H%C3%B4tel+Le+Montagnais+Saguenay\/@48.4107019,-71.0564828,17z\/data=!3m1!4b1!4m9!3m8!1s0x4cc020cff3f6b0d1:0xbbb6b91925371eb3!5m2!4m1!1i2!8m2!3d48.4107019!4d-71.0539025!16s%2Fg%2F121fwfsy?entry=ttu\">Pour s&rsquo;y rendre :<br \/>\n<\/a>Hotel Le Montagnais<br \/>\n1080, boulevard Talbot<br \/>\nChicoutimi (Qu\u00e9bec), G7H 4B6<\/p>\n<p>Pour plus de d\u00e9tails, <a href=\"https:\/\/lemontagnais.qc.ca\/\">visitez leur site web<\/a> !<\/p>\n<hr \/>\n<p style=\"text-align: center\"><a href=\"https:\/\/www.otlhotelsaguenay.ca\/\"><img loading=\"lazy\" decoding=\"async\" class=\"alignnone size-medium wp-image-378\" src=\"https:\/\/colloques.uqac.ca\/dd\/files\/2024\/02\/saguenay-logo-compact-300x35.png\" alt=\"\" width=\"300\" height=\"35\" srcset=\"https:\/\/colloques.uqac.ca\/dd\/files\/2024\/02\/saguenay-logo-compact-300x35.png 300w, https:\/\/colloques.uqac.ca\/dd\/files\/2024\/02\/saguenay-logo-compact.png 600w\" sizes=\"(max-width: 300px) 100vw, 300px\" \/><\/a><\/p>\n<h2><strong>OTL Gouverneur Saguenay<\/strong><\/h2>\n<p><a href=\"https:\/\/www.google.com\/maps\/place\/OTL+Gouverneur+Saguenay\/@48.4059778,-71.0562767,17z\/data=!3m1!4b1!4m9!3m8!1s0x4cc020d09a838d1d:0xb11a8970188079c0!5m2!4m1!1i2!8m2!3d48.4059778!4d-71.0562767!16s%2Fg%2F1trsxl_m?entry=ttu\">Pour s&rsquo;y rendre :<\/a><br \/>\nOTL Gouverneur Saguenay<br \/>\n1303, boulevard Talbot<br \/>\nChicoutimi (Qu\u00e9bec), G7H 4C1<br \/>\nPour effectuer une r\u00e9servation, contactez le 1 (888) 910-1111 et mentionnez le code <span style=\"text-decoration: underline\"><strong>520518<\/strong><\/span><br \/>\nou <a href=\"https:\/\/www.otlhotelsaguenay.ca\/\">consultez\u00a0leur site web<\/a> !<\/p>\n<hr \/>\n","protected":false},"excerpt":{"rendered":"<p>Le congr\u00e8s est organis\u00e9 par l&rsquo;Universit\u00e9 du Qu\u00e9bec \u00e0 Chicoutimi et Rio Tinto. Cependant, les activit\u00e9s du congr\u00e8s se d\u00e9rouleront en majeure partie \u00e0 l&rsquo;h\u00f4tel la Saguen\u00e9enne. Pour le souper du jeudi 17 octobre, nous nous rendrons \u00e0 l&rsquo;hot\u00eal le Montagnais, soit \u00e0 environ 1.2 km du site du congr\u00e8s. Le plan ci-dessous r\u00e9sume les &hellip; <a href=\"https:\/\/colloques.uqac.ca\/dd\/transport_hebergement\/\" class=\"more-link\">Continuer la lecture de <span class=\"screen-reader-text\">Transport et h\u00e9bergement<\/span>  <span class=\"meta-nav\">&rarr;<\/span><\/a><\/p>\n","protected":false},"author":5,"featured_media":0,"parent":0,"menu_order":0,"comment_status":"closed","ping_status":"closed","template":"","meta":{"footnotes":""},"_links":{"self":[{"href":"https:\/\/colloques.uqac.ca\/dd\/wp-json\/wp\/v2\/pages\/11"}],"collection":[{"href":"https:\/\/colloques.uqac.ca\/dd\/wp-json\/wp\/v2\/pages"}],"about":[{"href":"https:\/\/colloques.uqac.ca\/dd\/wp-json\/wp\/v2\/types\/page"}],"author":[{"embeddable":true,"href":"https:\/\/colloques.uqac.ca\/dd\/wp-json\/wp\/v2\/users\/5"}],"replies":[{"embeddable":true,"href":"https:\/\/colloques.uqac.ca\/dd\/wp-json\/wp\/v2\/comments?post=11"}],"version-history":[{"count":50,"href":"https:\/\/colloques.uqac.ca\/dd\/wp-json\/wp\/v2\/pages\/11\/revisions"}],"predecessor-version":[{"id":8000336,"href":"https:\/\/colloques.uqac.ca\/dd\/wp-json\/wp\/v2\/pages\/11\/revisions\/8000336"}],"wp:attachment":[{"href":"https:\/\/colloques.uqac.ca\/dd\/wp-json\/wp\/v2\/media?parent=11"}],"curies":[{"name":"wp","href":"https:\/\/api.w.org\/{rel}","templated":true}]}}