{"id":13,"date":"2013-09-10T18:42:30","date_gmt":"2013-09-10T18:42:30","guid":{"rendered":"http:\/\/colloques.uqac.ca\/modelecolloque\/?page_id=13"},"modified":"2025-01-15T16:16:44","modified_gmt":"2025-01-15T21:16:44","slug":"comite","status":"publish","type":"page","link":"https:\/\/colloques.uqac.ca\/capo\/comite\/","title":{"rendered":"Comit\u00e9"},"content":{"rendered":"<p style=\"text-align: center\"><strong>Comit\u00e9 organisateur du colloque<\/strong><\/p>\n<ul>\n<li style=\"text-align: left\">Genevi\u00e8ve Sim\u00e9on, directrice, CDC des Deux-Rives<\/li>\n<li style=\"text-align: left\">Sandra Juneau, professeure et chercheuse, UQAC<\/li>\n<li style=\"text-align: left\">Sophie Lapointe, agente de d\u00e9veloppement, CDC des Deux-Rives<\/li>\n<li style=\"text-align: left\">Yoan Vaillancourt, organisateur communautaires CLSC Jonqui\u00e8re, CIUSSSS Saguenay-Lac-St-Jean<\/li>\n<\/ul>\n<p>&nbsp;<\/p>\n","protected":false},"excerpt":{"rendered":"<p>Comit\u00e9 organisateur du colloque Genevi\u00e8ve Sim\u00e9on, directrice, CDC des Deux-Rives Sandra Juneau, professeure et chercheuse, UQAC Sophie Lapointe, agente de d\u00e9veloppement, CDC des Deux-Rives Yoan Vaillancourt, organisateur communautaires CLSC Jonqui\u00e8re, CIUSSSS Saguenay-Lac-St-Jean &nbsp;<\/p>\n","protected":false},"author":5,"featured_media":0,"parent":0,"menu_order":0,"comment_status":"closed","ping_status":"closed","template":"","meta":{"footnotes":""},"_links":{"self":[{"href":"https:\/\/colloques.uqac.ca\/capo\/wp-json\/wp\/v2\/pages\/13"}],"collection":[{"href":"https:\/\/colloques.uqac.ca\/capo\/wp-json\/wp\/v2\/pages"}],"about":[{"href":"https:\/\/colloques.uqac.ca\/capo\/wp-json\/wp\/v2\/types\/page"}],"author":[{"embeddable":true,"href":"https:\/\/colloques.uqac.ca\/capo\/wp-json\/wp\/v2\/users\/5"}],"replies":[{"embeddable":true,"href":"https:\/\/colloques.uqac.ca\/capo\/wp-json\/wp\/v2\/comments?post=13"}],"version-history":[{"count":6,"href":"https:\/\/colloques.uqac.ca\/capo\/wp-json\/wp\/v2\/pages\/13\/revisions"}],"predecessor-version":[{"id":127,"href":"https:\/\/colloques.uqac.ca\/capo\/wp-json\/wp\/v2\/pages\/13\/revisions\/127"}],"wp:attachment":[{"href":"https:\/\/colloques.uqac.ca\/capo\/wp-json\/wp\/v2\/media?parent=13"}],"curies":[{"name":"wp","href":"https:\/\/api.w.org\/{rel}","templated":true}]}}