{"id":11,"date":"2013-09-10T18:42:10","date_gmt":"2013-09-10T18:42:10","guid":{"rendered":"http:\/\/colloques.uqac.ca\/modelecolloque\/?page_id=11"},"modified":"2025-09-17T09:56:52","modified_gmt":"2025-09-17T14:56:52","slug":"horaire","status":"publish","type":"page","link":"https:\/\/colloques.uqac.ca\/capo\/horaire\/","title":{"rendered":"Horaire"},"content":{"rendered":"<p>8H00 : Arriv\u00e9e et accueil<\/p>\n<p>8H25 : Conf\u00e9rence de Philippe Degranpr\u00e9<\/p>\n<p>9H40 : <strong>Pause<\/strong><\/p>\n<p>10H00 : Pr\u00e9sentation sur le projet d&rsquo;analyse de drogues dans l&rsquo;urine<\/p>\n<p>10H30 : La Baraque &#8211; Diminution des risques, soutien et pr\u00e9vention au c\u0153ur de la consommation supervis\u00e9e<\/p>\n<p>11H00 : Panel sur le sujet des opio\u00efdes<\/p>\n<p>12H00 : Fin du colloque<\/p>\n","protected":false},"excerpt":{"rendered":"<p>8H00 : Arriv\u00e9e et accueil 8H25 : Conf\u00e9rence de Philippe Degranpr\u00e9 9H40 : Pause 10H00 : Pr\u00e9sentation sur le projet d&rsquo;analyse de drogues dans l&rsquo;urine 10H30 : La Baraque &#8211; Diminution des risques, soutien et pr\u00e9vention au c\u0153ur de la consommation supervis\u00e9e 11H00 : Panel sur le sujet des opio\u00efdes 12H00 : Fin du colloque<\/p>\n","protected":false},"author":5,"featured_media":0,"parent":0,"menu_order":0,"comment_status":"closed","ping_status":"closed","template":"","meta":{"footnotes":""},"_links":{"self":[{"href":"https:\/\/colloques.uqac.ca\/capo\/wp-json\/wp\/v2\/pages\/11"}],"collection":[{"href":"https:\/\/colloques.uqac.ca\/capo\/wp-json\/wp\/v2\/pages"}],"about":[{"href":"https:\/\/colloques.uqac.ca\/capo\/wp-json\/wp\/v2\/types\/page"}],"author":[{"embeddable":true,"href":"https:\/\/colloques.uqac.ca\/capo\/wp-json\/wp\/v2\/users\/5"}],"replies":[{"embeddable":true,"href":"https:\/\/colloques.uqac.ca\/capo\/wp-json\/wp\/v2\/comments?post=11"}],"version-history":[{"count":12,"href":"https:\/\/colloques.uqac.ca\/capo\/wp-json\/wp\/v2\/pages\/11\/revisions"}],"predecessor-version":[{"id":217,"href":"https:\/\/colloques.uqac.ca\/capo\/wp-json\/wp\/v2\/pages\/11\/revisions\/217"}],"wp:attachment":[{"href":"https:\/\/colloques.uqac.ca\/capo\/wp-json\/wp\/v2\/media?parent=11"}],"curies":[{"name":"wp","href":"https:\/\/api.w.org\/{rel}","templated":true}]}}